{"id":9513,"date":"2026-04-13T11:01:03","date_gmt":"2026-04-13T08:01:03","guid":{"rendered":"https:\/\/solidcomp.com\/partnerships\/technology-collaborators\/"},"modified":"2026-05-06T23:56:47","modified_gmt":"2026-05-06T20:56:47","slug":"technology-collaborators","status":"publish","type":"page","link":"https:\/\/solidcomp.com\/sv\/om-oss\/foretaget\/partnerships\/technology-collaborators\/","title":{"rendered":"Teknologiska\u00a0samarbetspartner"},"content":{"rendered":"","protected":false},"excerpt":{"rendered":"","protected":false},"author":2,"featured_media":0,"parent":9362,"menu_order":0,"comment_status":"closed","ping_status":"closed","template":"page-templates\/sub-page.php","meta":{"_acf_changed":false,"footnotes":""},"class_list":["post-9513","page","type-page","status-publish","hentry"],"acf":[],"yoast_head":"<!-- This site is optimized with the Yoast SEO plugin v27.5 - https:\/\/yoast.com\/product\/yoast-seo-wordpress\/ -->\n<title>Industriell digital tvilling Teknologiska\u00a0samarbetspartner | SolidComp<\/title>\n<meta name=\"description\" content=\"Ut\u00f6ver v\u00e5r egen mjukvara och expertis inom industriell 3D-reality samarbetar vi med utvalda teknikf\u00f6retag vars styrkor kompletterar v\u00e5ra egna.\" \/>\n<meta name=\"robots\" content=\"index, follow, max-snippet:-1, max-image-preview:large, max-video-preview:-1\" \/>\n<link rel=\"canonical\" href=\"https:\/\/solidcomp.com\/sv\/om-oss\/foretaget\/partnerships\/technology-collaborators\/\" \/>\n<meta property=\"og:locale\" content=\"sv_SE\" \/>\n<meta property=\"og:type\" content=\"article\" \/>\n<meta property=\"og:title\" content=\"Industriell digital tvilling Teknologiska\u00a0samarbetspartner | SolidComp\" \/>\n<meta property=\"og:description\" content=\"Ut\u00f6ver v\u00e5r egen mjukvara och expertis inom industriell 3D-reality samarbetar vi med utvalda teknikf\u00f6retag vars styrkor kompletterar v\u00e5ra egna.\" \/>\n<meta property=\"og:url\" content=\"https:\/\/solidcomp.com\/sv\/om-oss\/foretaget\/partnerships\/technology-collaborators\/\" \/>\n<meta property=\"og:site_name\" content=\"SolidComp\" \/>\n<meta property=\"article:publisher\" content=\"https:\/\/www.facebook.com\/solidcompoy\/\" \/>\n<meta property=\"article:modified_time\" content=\"2026-05-06T20:56:47+00:00\" \/>\n<meta property=\"og:image\" content=\"https:\/\/solidcomp.com\/wp-content\/uploads\/2025\/06\/Somejako-nelio-tumma.jpg\" \/>\n\t<meta property=\"og:image:width\" content=\"400\" \/>\n\t<meta property=\"og:image:height\" content=\"400\" \/>\n\t<meta property=\"og:image:type\" content=\"image\/jpeg\" \/>\n<meta name=\"twitter:card\" content=\"summary_large_image\" \/>\n<script type=\"application\/ld+json\" class=\"yoast-schema-graph\">{\"@context\":\"https:\\\/\\\/schema.org\",\"@graph\":[{\"@type\":\"WebPage\",\"@id\":\"https:\\\/\\\/solidcomp.com\\\/sv\\\/om-oss\\\/foretaget\\\/partnerships\\\/technology-collaborators\\\/\",\"url\":\"https:\\\/\\\/solidcomp.com\\\/sv\\\/om-oss\\\/foretaget\\\/partnerships\\\/technology-collaborators\\\/\",\"name\":\"Industriell digital tvilling Teknologiska\u00a0samarbetspartner | SolidComp\",\"isPartOf\":{\"@id\":\"https:\\\/\\\/solidcomp.com\\\/#website\"},\"datePublished\":\"2026-04-13T08:01:03+00:00\",\"dateModified\":\"2026-05-06T20:56:47+00:00\",\"description\":\"Ut\u00f6ver v\u00e5r egen mjukvara och expertis inom industriell 3D-reality samarbetar vi med utvalda teknikf\u00f6retag vars styrkor kompletterar v\u00e5ra egna.\",\"breadcrumb\":{\"@id\":\"https:\\\/\\\/solidcomp.com\\\/sv\\\/om-oss\\\/foretaget\\\/partnerships\\\/technology-collaborators\\\/#breadcrumb\"},\"inLanguage\":\"sv-SE\",\"potentialAction\":[{\"@type\":\"ReadAction\",\"target\":[\"https:\\\/\\\/solidcomp.com\\\/sv\\\/om-oss\\\/foretaget\\\/partnerships\\\/technology-collaborators\\\/\"]}]},{\"@type\":\"BreadcrumbList\",\"@id\":\"https:\\\/\\\/solidcomp.com\\\/sv\\\/om-oss\\\/foretaget\\\/partnerships\\\/technology-collaborators\\\/#breadcrumb\",\"itemListElement\":[{\"@type\":\"ListItem\",\"position\":1,\"name\":\"Home\",\"item\":\"https:\\\/\\\/solidcomp.com\\\/sv\\\/\"},{\"@type\":\"ListItem\",\"position\":2,\"name\":\"Om oss\",\"item\":\"https:\\\/\\\/solidcomp.com\\\/sv\\\/om-oss\\\/\"},{\"@type\":\"ListItem\",\"position\":3,\"name\":\"F\u00f6retaget\",\"item\":\"https:\\\/\\\/solidcomp.com\\\/sv\\\/om-oss\\\/foretaget\\\/\"},{\"@type\":\"ListItem\",\"position\":4,\"name\":\"Partnerskap\",\"item\":\"https:\\\/\\\/solidcomp.com\\\/sv\\\/om-oss\\\/foretaget\\\/partnerships\\\/\"},{\"@type\":\"ListItem\",\"position\":5,\"name\":\"Teknologiska\u00a0samarbetspartner\"}]},{\"@type\":\"WebSite\",\"@id\":\"https:\\\/\\\/solidcomp.com\\\/#website\",\"url\":\"https:\\\/\\\/solidcomp.com\\\/\",\"name\":\"Solidcomp.com\",\"description\":\"\",\"publisher\":{\"@id\":\"https:\\\/\\\/solidcomp.com\\\/#organization\"},\"potentialAction\":[{\"@type\":\"SearchAction\",\"target\":{\"@type\":\"EntryPoint\",\"urlTemplate\":\"https:\\\/\\\/solidcomp.com\\\/?s={search_term_string}\"},\"query-input\":{\"@type\":\"PropertyValueSpecification\",\"valueRequired\":true,\"valueName\":\"search_term_string\"}}],\"inLanguage\":\"sv-SE\"},{\"@type\":\"Organization\",\"@id\":\"https:\\\/\\\/solidcomp.com\\\/#organization\",\"name\":\"SolidComp Oy\",\"url\":\"https:\\\/\\\/solidcomp.com\\\/\",\"logo\":{\"@type\":\"ImageObject\",\"inLanguage\":\"sv-SE\",\"@id\":\"https:\\\/\\\/solidcomp.com\\\/#\\\/schema\\\/logo\\\/image\\\/\",\"url\":\"https:\\\/\\\/solidcomp.com\\\/wp-content\\\/uploads\\\/2025\\\/05\\\/SolidComp-Black-Icon-10500x2600-1-scaled.png\",\"contentUrl\":\"https:\\\/\\\/solidcomp.com\\\/wp-content\\\/uploads\\\/2025\\\/05\\\/SolidComp-Black-Icon-10500x2600-1-scaled.png\",\"width\":2560,\"height\":634,\"caption\":\"SolidComp Oy\"},\"image\":{\"@id\":\"https:\\\/\\\/solidcomp.com\\\/#\\\/schema\\\/logo\\\/image\\\/\"},\"sameAs\":[\"https:\\\/\\\/www.facebook.com\\\/solidcompoy\\\/\",\"https:\\\/\\\/www.linkedin.com\\\/company\\\/solidcomp-oy\",\"https:\\\/\\\/www.instagram.com\\\/solidcompoy\\\/\",\"https:\\\/\\\/www.youtube.com\\\/@SolidCompOy\"]}]}<\/script>\n<!-- \/ Yoast SEO plugin. -->","yoast_head_json":{"title":"Industriell digital tvilling Teknologiska\u00a0samarbetspartner | SolidComp","description":"Ut\u00f6ver v\u00e5r egen mjukvara och expertis inom industriell 3D-reality samarbetar vi med utvalda teknikf\u00f6retag vars styrkor kompletterar v\u00e5ra egna.","robots":{"index":"index","follow":"follow","max-snippet":"max-snippet:-1","max-image-preview":"max-image-preview:large","max-video-preview":"max-video-preview:-1"},"canonical":"https:\/\/solidcomp.com\/sv\/om-oss\/foretaget\/partnerships\/technology-collaborators\/","og_locale":"sv_SE","og_type":"article","og_title":"Industriell digital tvilling Teknologiska\u00a0samarbetspartner | SolidComp","og_description":"Ut\u00f6ver v\u00e5r egen mjukvara och expertis inom industriell 3D-reality samarbetar vi med utvalda teknikf\u00f6retag vars styrkor kompletterar v\u00e5ra egna.","og_url":"https:\/\/solidcomp.com\/sv\/om-oss\/foretaget\/partnerships\/technology-collaborators\/","og_site_name":"SolidComp","article_publisher":"https:\/\/www.facebook.com\/solidcompoy\/","article_modified_time":"2026-05-06T20:56:47+00:00","og_image":[{"width":400,"height":400,"url":"https:\/\/solidcomp.com\/wp-content\/uploads\/2025\/06\/Somejako-nelio-tumma.jpg","type":"image\/jpeg"}],"twitter_card":"summary_large_image","schema":{"@context":"https:\/\/schema.org","@graph":[{"@type":"WebPage","@id":"https:\/\/solidcomp.com\/sv\/om-oss\/foretaget\/partnerships\/technology-collaborators\/","url":"https:\/\/solidcomp.com\/sv\/om-oss\/foretaget\/partnerships\/technology-collaborators\/","name":"Industriell digital tvilling Teknologiska\u00a0samarbetspartner | SolidComp","isPartOf":{"@id":"https:\/\/solidcomp.com\/#website"},"datePublished":"2026-04-13T08:01:03+00:00","dateModified":"2026-05-06T20:56:47+00:00","description":"Ut\u00f6ver v\u00e5r egen mjukvara och expertis inom industriell 3D-reality samarbetar vi med utvalda teknikf\u00f6retag vars styrkor kompletterar v\u00e5ra egna.","breadcrumb":{"@id":"https:\/\/solidcomp.com\/sv\/om-oss\/foretaget\/partnerships\/technology-collaborators\/#breadcrumb"},"inLanguage":"sv-SE","potentialAction":[{"@type":"ReadAction","target":["https:\/\/solidcomp.com\/sv\/om-oss\/foretaget\/partnerships\/technology-collaborators\/"]}]},{"@type":"BreadcrumbList","@id":"https:\/\/solidcomp.com\/sv\/om-oss\/foretaget\/partnerships\/technology-collaborators\/#breadcrumb","itemListElement":[{"@type":"ListItem","position":1,"name":"Home","item":"https:\/\/solidcomp.com\/sv\/"},{"@type":"ListItem","position":2,"name":"Om oss","item":"https:\/\/solidcomp.com\/sv\/om-oss\/"},{"@type":"ListItem","position":3,"name":"F\u00f6retaget","item":"https:\/\/solidcomp.com\/sv\/om-oss\/foretaget\/"},{"@type":"ListItem","position":4,"name":"Partnerskap","item":"https:\/\/solidcomp.com\/sv\/om-oss\/foretaget\/partnerships\/"},{"@type":"ListItem","position":5,"name":"Teknologiska\u00a0samarbetspartner"}]},{"@type":"WebSite","@id":"https:\/\/solidcomp.com\/#website","url":"https:\/\/solidcomp.com\/","name":"Solidcomp.com","description":"","publisher":{"@id":"https:\/\/solidcomp.com\/#organization"},"potentialAction":[{"@type":"SearchAction","target":{"@type":"EntryPoint","urlTemplate":"https:\/\/solidcomp.com\/?s={search_term_string}"},"query-input":{"@type":"PropertyValueSpecification","valueRequired":true,"valueName":"search_term_string"}}],"inLanguage":"sv-SE"},{"@type":"Organization","@id":"https:\/\/solidcomp.com\/#organization","name":"SolidComp Oy","url":"https:\/\/solidcomp.com\/","logo":{"@type":"ImageObject","inLanguage":"sv-SE","@id":"https:\/\/solidcomp.com\/#\/schema\/logo\/image\/","url":"https:\/\/solidcomp.com\/wp-content\/uploads\/2025\/05\/SolidComp-Black-Icon-10500x2600-1-scaled.png","contentUrl":"https:\/\/solidcomp.com\/wp-content\/uploads\/2025\/05\/SolidComp-Black-Icon-10500x2600-1-scaled.png","width":2560,"height":634,"caption":"SolidComp Oy"},"image":{"@id":"https:\/\/solidcomp.com\/#\/schema\/logo\/image\/"},"sameAs":["https:\/\/www.facebook.com\/solidcompoy\/","https:\/\/www.linkedin.com\/company\/solidcomp-oy","https:\/\/www.instagram.com\/solidcompoy\/","https:\/\/www.youtube.com\/@SolidCompOy"]}]}},"_links":{"self":[{"href":"https:\/\/solidcomp.com\/sv\/wp-json\/wp\/v2\/pages\/9513","targetHints":{"allow":["GET"]}}],"collection":[{"href":"https:\/\/solidcomp.com\/sv\/wp-json\/wp\/v2\/pages"}],"about":[{"href":"https:\/\/solidcomp.com\/sv\/wp-json\/wp\/v2\/types\/page"}],"author":[{"embeddable":true,"href":"https:\/\/solidcomp.com\/sv\/wp-json\/wp\/v2\/users\/2"}],"replies":[{"embeddable":true,"href":"https:\/\/solidcomp.com\/sv\/wp-json\/wp\/v2\/comments?post=9513"}],"version-history":[{"count":3,"href":"https:\/\/solidcomp.com\/sv\/wp-json\/wp\/v2\/pages\/9513\/revisions"}],"predecessor-version":[{"id":9746,"href":"https:\/\/solidcomp.com\/sv\/wp-json\/wp\/v2\/pages\/9513\/revisions\/9746"}],"up":[{"embeddable":true,"href":"https:\/\/solidcomp.com\/sv\/wp-json\/wp\/v2\/pages\/9362"}],"wp:attachment":[{"href":"https:\/\/solidcomp.com\/sv\/wp-json\/wp\/v2\/media?parent=9513"}],"curies":[{"name":"wp","href":"https:\/\/api.w.org\/{rel}","templated":true}]}}