{"id":8977,"date":"2025-05-20T09:32:46","date_gmt":"2025-05-20T06:32:46","guid":{"rendered":"https:\/\/solidcomp.com\/yara-siilinjarvi\/"},"modified":"2026-05-06T19:15:08","modified_gmt":"2026-05-06T16:15:08","slug":"yara-siilinjarvi","status":"publish","type":"page","link":"https:\/\/solidcomp.com\/sv\/losningar\/referenser\/yara-siilinjarvi\/","title":{"rendered":"Yara Siilinj\u00e4rvi"},"content":{"rendered":"","protected":false},"excerpt":{"rendered":"","protected":false},"author":1,"featured_media":0,"parent":8967,"menu_order":0,"comment_status":"closed","ping_status":"closed","template":"page-templates\/sub-page.php","meta":{"_acf_changed":false,"footnotes":""},"class_list":["post-8977","page","type-page","status-publish","hentry"],"acf":[],"yoast_head":"<!-- This site is optimized with the Yoast SEO plugin v27.5 - https:\/\/yoast.com\/product\/yoast-seo-wordpress\/ -->\n<title>Yara Siilinj\u00e4rvi | Referenser | Digitala tvillingtj\u00e4nster f\u00f6r industrin| SolidComp<\/title>\n<meta name=\"description\" content=\"Yara Siilinj\u00e4rvi stod inf\u00f6r utmaningar med att hantera och f\u00e5 tillg\u00e5ng till uppdaterad spatial och tillg\u00e5ngsrelaterad information. L\u00f6sning: implementering av SolidComps Reality Twin.\" \/>\n<meta name=\"robots\" content=\"index, follow, max-snippet:-1, max-image-preview:large, max-video-preview:-1\" \/>\n<link rel=\"canonical\" href=\"https:\/\/solidcomp.com\/sv\/losningar\/referenser\/yara-siilinjarvi\/\" \/>\n<meta property=\"og:locale\" content=\"sv_SE\" \/>\n<meta property=\"og:type\" content=\"article\" \/>\n<meta property=\"og:title\" content=\"Yara Siilinj\u00e4rvi | Referenser | Digitala tvillingtj\u00e4nster f\u00f6r industrin| SolidComp\" \/>\n<meta property=\"og:description\" content=\"Yara Siilinj\u00e4rvi stod inf\u00f6r utmaningar med att hantera och f\u00e5 tillg\u00e5ng till uppdaterad spatial och tillg\u00e5ngsrelaterad information. L\u00f6sning: implementering av SolidComps Reality Twin.\" \/>\n<meta property=\"og:url\" content=\"https:\/\/solidcomp.com\/sv\/losningar\/referenser\/yara-siilinjarvi\/\" \/>\n<meta property=\"og:site_name\" content=\"SolidComp\" \/>\n<meta property=\"article:publisher\" content=\"https:\/\/www.facebook.com\/solidcompoy\/\" \/>\n<meta property=\"article:modified_time\" content=\"2026-05-06T16:15:08+00:00\" \/>\n<meta name=\"twitter:card\" content=\"summary_large_image\" \/>\n<script type=\"application\/ld+json\" class=\"yoast-schema-graph\">{\"@context\":\"https:\\\/\\\/schema.org\",\"@graph\":[{\"@type\":\"WebPage\",\"@id\":\"https:\\\/\\\/solidcomp.com\\\/sv\\\/losningar\\\/referenser\\\/yara-siilinjarvi\\\/\",\"url\":\"https:\\\/\\\/solidcomp.com\\\/sv\\\/losningar\\\/referenser\\\/yara-siilinjarvi\\\/\",\"name\":\"Yara Siilinj\u00e4rvi | Referenser | Digitala tvillingtj\u00e4nster f\u00f6r industrin| SolidComp\",\"isPartOf\":{\"@id\":\"https:\\\/\\\/solidcomp.com\\\/#website\"},\"datePublished\":\"2025-05-20T06:32:46+00:00\",\"dateModified\":\"2026-05-06T16:15:08+00:00\",\"description\":\"Yara Siilinj\u00e4rvi stod inf\u00f6r utmaningar med att hantera och f\u00e5 tillg\u00e5ng till uppdaterad spatial och tillg\u00e5ngsrelaterad information. L\u00f6sning: implementering av SolidComps Reality Twin.\",\"breadcrumb\":{\"@id\":\"https:\\\/\\\/solidcomp.com\\\/sv\\\/losningar\\\/referenser\\\/yara-siilinjarvi\\\/#breadcrumb\"},\"inLanguage\":\"sv-SE\",\"potentialAction\":[{\"@type\":\"ReadAction\",\"target\":[\"https:\\\/\\\/solidcomp.com\\\/sv\\\/losningar\\\/referenser\\\/yara-siilinjarvi\\\/\"]}]},{\"@type\":\"BreadcrumbList\",\"@id\":\"https:\\\/\\\/solidcomp.com\\\/sv\\\/losningar\\\/referenser\\\/yara-siilinjarvi\\\/#breadcrumb\",\"itemListElement\":[{\"@type\":\"ListItem\",\"position\":1,\"name\":\"Home\",\"item\":\"https:\\\/\\\/solidcomp.com\\\/sv\\\/\"},{\"@type\":\"ListItem\",\"position\":2,\"name\":\"L\u00f6sningar\",\"item\":\"https:\\\/\\\/solidcomp.com\\\/sv\\\/losningar\\\/\"},{\"@type\":\"ListItem\",\"position\":3,\"name\":\"Referenser\",\"item\":\"https:\\\/\\\/solidcomp.com\\\/sv\\\/losningar\\\/referenser\\\/\"},{\"@type\":\"ListItem\",\"position\":4,\"name\":\"Yara Siilinj\u00e4rvi\"}]},{\"@type\":\"WebSite\",\"@id\":\"https:\\\/\\\/solidcomp.com\\\/#website\",\"url\":\"https:\\\/\\\/solidcomp.com\\\/\",\"name\":\"Solidcomp.com\",\"description\":\"\",\"publisher\":{\"@id\":\"https:\\\/\\\/solidcomp.com\\\/#organization\"},\"potentialAction\":[{\"@type\":\"SearchAction\",\"target\":{\"@type\":\"EntryPoint\",\"urlTemplate\":\"https:\\\/\\\/solidcomp.com\\\/?s={search_term_string}\"},\"query-input\":{\"@type\":\"PropertyValueSpecification\",\"valueRequired\":true,\"valueName\":\"search_term_string\"}}],\"inLanguage\":\"sv-SE\"},{\"@type\":\"Organization\",\"@id\":\"https:\\\/\\\/solidcomp.com\\\/#organization\",\"name\":\"SolidComp Oy\",\"url\":\"https:\\\/\\\/solidcomp.com\\\/\",\"logo\":{\"@type\":\"ImageObject\",\"inLanguage\":\"sv-SE\",\"@id\":\"https:\\\/\\\/solidcomp.com\\\/#\\\/schema\\\/logo\\\/image\\\/\",\"url\":\"https:\\\/\\\/solidcomp.com\\\/wp-content\\\/uploads\\\/2025\\\/05\\\/SolidComp-Black-Icon-10500x2600-1-scaled.png\",\"contentUrl\":\"https:\\\/\\\/solidcomp.com\\\/wp-content\\\/uploads\\\/2025\\\/05\\\/SolidComp-Black-Icon-10500x2600-1-scaled.png\",\"width\":2560,\"height\":634,\"caption\":\"SolidComp Oy\"},\"image\":{\"@id\":\"https:\\\/\\\/solidcomp.com\\\/#\\\/schema\\\/logo\\\/image\\\/\"},\"sameAs\":[\"https:\\\/\\\/www.facebook.com\\\/solidcompoy\\\/\",\"https:\\\/\\\/www.linkedin.com\\\/company\\\/solidcomp-oy\",\"https:\\\/\\\/www.instagram.com\\\/solidcompoy\\\/\",\"https:\\\/\\\/www.youtube.com\\\/@SolidCompOy\"]}]}<\/script>\n<!-- \/ Yoast SEO plugin. -->","yoast_head_json":{"title":"Yara Siilinj\u00e4rvi | Referenser | Digitala tvillingtj\u00e4nster f\u00f6r industrin| SolidComp","description":"Yara Siilinj\u00e4rvi stod inf\u00f6r utmaningar med att hantera och f\u00e5 tillg\u00e5ng till uppdaterad spatial och tillg\u00e5ngsrelaterad information. L\u00f6sning: implementering av SolidComps Reality Twin.","robots":{"index":"index","follow":"follow","max-snippet":"max-snippet:-1","max-image-preview":"max-image-preview:large","max-video-preview":"max-video-preview:-1"},"canonical":"https:\/\/solidcomp.com\/sv\/losningar\/referenser\/yara-siilinjarvi\/","og_locale":"sv_SE","og_type":"article","og_title":"Yara Siilinj\u00e4rvi | Referenser | Digitala tvillingtj\u00e4nster f\u00f6r industrin| SolidComp","og_description":"Yara Siilinj\u00e4rvi stod inf\u00f6r utmaningar med att hantera och f\u00e5 tillg\u00e5ng till uppdaterad spatial och tillg\u00e5ngsrelaterad information. L\u00f6sning: implementering av SolidComps Reality Twin.","og_url":"https:\/\/solidcomp.com\/sv\/losningar\/referenser\/yara-siilinjarvi\/","og_site_name":"SolidComp","article_publisher":"https:\/\/www.facebook.com\/solidcompoy\/","article_modified_time":"2026-05-06T16:15:08+00:00","twitter_card":"summary_large_image","schema":{"@context":"https:\/\/schema.org","@graph":[{"@type":"WebPage","@id":"https:\/\/solidcomp.com\/sv\/losningar\/referenser\/yara-siilinjarvi\/","url":"https:\/\/solidcomp.com\/sv\/losningar\/referenser\/yara-siilinjarvi\/","name":"Yara Siilinj\u00e4rvi | Referenser | Digitala tvillingtj\u00e4nster f\u00f6r industrin| SolidComp","isPartOf":{"@id":"https:\/\/solidcomp.com\/#website"},"datePublished":"2025-05-20T06:32:46+00:00","dateModified":"2026-05-06T16:15:08+00:00","description":"Yara Siilinj\u00e4rvi stod inf\u00f6r utmaningar med att hantera och f\u00e5 tillg\u00e5ng till uppdaterad spatial och tillg\u00e5ngsrelaterad information. L\u00f6sning: implementering av SolidComps Reality Twin.","breadcrumb":{"@id":"https:\/\/solidcomp.com\/sv\/losningar\/referenser\/yara-siilinjarvi\/#breadcrumb"},"inLanguage":"sv-SE","potentialAction":[{"@type":"ReadAction","target":["https:\/\/solidcomp.com\/sv\/losningar\/referenser\/yara-siilinjarvi\/"]}]},{"@type":"BreadcrumbList","@id":"https:\/\/solidcomp.com\/sv\/losningar\/referenser\/yara-siilinjarvi\/#breadcrumb","itemListElement":[{"@type":"ListItem","position":1,"name":"Home","item":"https:\/\/solidcomp.com\/sv\/"},{"@type":"ListItem","position":2,"name":"L\u00f6sningar","item":"https:\/\/solidcomp.com\/sv\/losningar\/"},{"@type":"ListItem","position":3,"name":"Referenser","item":"https:\/\/solidcomp.com\/sv\/losningar\/referenser\/"},{"@type":"ListItem","position":4,"name":"Yara Siilinj\u00e4rvi"}]},{"@type":"WebSite","@id":"https:\/\/solidcomp.com\/#website","url":"https:\/\/solidcomp.com\/","name":"Solidcomp.com","description":"","publisher":{"@id":"https:\/\/solidcomp.com\/#organization"},"potentialAction":[{"@type":"SearchAction","target":{"@type":"EntryPoint","urlTemplate":"https:\/\/solidcomp.com\/?s={search_term_string}"},"query-input":{"@type":"PropertyValueSpecification","valueRequired":true,"valueName":"search_term_string"}}],"inLanguage":"sv-SE"},{"@type":"Organization","@id":"https:\/\/solidcomp.com\/#organization","name":"SolidComp Oy","url":"https:\/\/solidcomp.com\/","logo":{"@type":"ImageObject","inLanguage":"sv-SE","@id":"https:\/\/solidcomp.com\/#\/schema\/logo\/image\/","url":"https:\/\/solidcomp.com\/wp-content\/uploads\/2025\/05\/SolidComp-Black-Icon-10500x2600-1-scaled.png","contentUrl":"https:\/\/solidcomp.com\/wp-content\/uploads\/2025\/05\/SolidComp-Black-Icon-10500x2600-1-scaled.png","width":2560,"height":634,"caption":"SolidComp Oy"},"image":{"@id":"https:\/\/solidcomp.com\/#\/schema\/logo\/image\/"},"sameAs":["https:\/\/www.facebook.com\/solidcompoy\/","https:\/\/www.linkedin.com\/company\/solidcomp-oy","https:\/\/www.instagram.com\/solidcompoy\/","https:\/\/www.youtube.com\/@SolidCompOy"]}]}},"_links":{"self":[{"href":"https:\/\/solidcomp.com\/sv\/wp-json\/wp\/v2\/pages\/8977","targetHints":{"allow":["GET"]}}],"collection":[{"href":"https:\/\/solidcomp.com\/sv\/wp-json\/wp\/v2\/pages"}],"about":[{"href":"https:\/\/solidcomp.com\/sv\/wp-json\/wp\/v2\/types\/page"}],"author":[{"embeddable":true,"href":"https:\/\/solidcomp.com\/sv\/wp-json\/wp\/v2\/users\/1"}],"replies":[{"embeddable":true,"href":"https:\/\/solidcomp.com\/sv\/wp-json\/wp\/v2\/comments?post=8977"}],"version-history":[{"count":2,"href":"https:\/\/solidcomp.com\/sv\/wp-json\/wp\/v2\/pages\/8977\/revisions"}],"predecessor-version":[{"id":9485,"href":"https:\/\/solidcomp.com\/sv\/wp-json\/wp\/v2\/pages\/8977\/revisions\/9485"}],"up":[{"embeddable":true,"href":"https:\/\/solidcomp.com\/sv\/wp-json\/wp\/v2\/pages\/8967"}],"wp:attachment":[{"href":"https:\/\/solidcomp.com\/sv\/wp-json\/wp\/v2\/media?parent=8977"}],"curies":[{"name":"wp","href":"https:\/\/api.w.org\/{rel}","templated":true}]}}