{"id":8902,"date":"2025-05-12T15:47:41","date_gmt":"2025-05-12T12:47:41","guid":{"rendered":"https:\/\/solidcomp.com\/chemical-industry\/"},"modified":"2026-05-06T23:08:56","modified_gmt":"2026-05-06T20:08:56","slug":"kemisk-industri","status":"publish","type":"page","link":"https:\/\/solidcomp.com\/sv\/losningar\/reality-twin-for-branscher\/kemisk-industri\/","title":{"rendered":"Kemisk industri"},"content":{"rendered":"","protected":false},"excerpt":{"rendered":"","protected":false},"author":1,"featured_media":0,"parent":8894,"menu_order":0,"comment_status":"closed","ping_status":"closed","template":"page-templates\/sub-page.php","meta":{"_acf_changed":false,"footnotes":""},"class_list":["post-8902","page","type-page","status-publish","hentry"],"acf":[],"yoast_head":"<!-- This site is optimized with the Yoast SEO plugin v27.5 - https:\/\/yoast.com\/product\/yoast-seo-wordpress\/ -->\n<title>Kemisk industri | Anv\u00e4ndningsfall f\u00f6r digital tvilling | SolidComp<\/title>\n<meta name=\"description\" content=\"Den kemiska industrin st\u00e5r inf\u00f6r utmaningar s\u00e5som att anpassa processer till nya r\u00e5varor och minska koldioxidavtrycket.\" \/>\n<meta name=\"robots\" content=\"index, follow, max-snippet:-1, max-image-preview:large, max-video-preview:-1\" \/>\n<link rel=\"canonical\" href=\"https:\/\/solidcomp.com\/sv\/losningar\/reality-twin-for-branscher\/kemisk-industri\/\" \/>\n<meta property=\"og:locale\" content=\"sv_SE\" \/>\n<meta property=\"og:type\" content=\"article\" \/>\n<meta property=\"og:title\" content=\"Kemisk industri | Anv\u00e4ndningsfall f\u00f6r digital tvilling | SolidComp\" \/>\n<meta property=\"og:description\" content=\"Den kemiska industrin st\u00e5r inf\u00f6r utmaningar s\u00e5som att anpassa processer till nya r\u00e5varor och minska koldioxidavtrycket.\" \/>\n<meta property=\"og:url\" content=\"https:\/\/solidcomp.com\/sv\/losningar\/reality-twin-for-branscher\/kemisk-industri\/\" \/>\n<meta property=\"og:site_name\" content=\"SolidComp\" \/>\n<meta property=\"article:publisher\" content=\"https:\/\/www.facebook.com\/solidcompoy\/\" \/>\n<meta property=\"article:modified_time\" content=\"2026-05-06T20:08:56+00:00\" \/>\n<meta name=\"twitter:card\" content=\"summary_large_image\" \/>\n<script type=\"application\/ld+json\" class=\"yoast-schema-graph\">{\"@context\":\"https:\\\/\\\/schema.org\",\"@graph\":[{\"@type\":\"WebPage\",\"@id\":\"https:\\\/\\\/solidcomp.com\\\/sv\\\/losningar\\\/reality-twin-for-branscher\\\/kemisk-industri\\\/\",\"url\":\"https:\\\/\\\/solidcomp.com\\\/sv\\\/losningar\\\/reality-twin-for-branscher\\\/kemisk-industri\\\/\",\"name\":\"Kemisk industri | Anv\u00e4ndningsfall f\u00f6r digital tvilling | SolidComp\",\"isPartOf\":{\"@id\":\"https:\\\/\\\/solidcomp.com\\\/sv\\\/#website\"},\"datePublished\":\"2025-05-12T12:47:41+00:00\",\"dateModified\":\"2026-05-06T20:08:56+00:00\",\"description\":\"Den kemiska industrin st\u00e5r inf\u00f6r utmaningar s\u00e5som att anpassa processer till nya r\u00e5varor och minska koldioxidavtrycket.\",\"breadcrumb\":{\"@id\":\"https:\\\/\\\/solidcomp.com\\\/sv\\\/losningar\\\/reality-twin-for-branscher\\\/kemisk-industri\\\/#breadcrumb\"},\"inLanguage\":\"sv-SE\",\"potentialAction\":[{\"@type\":\"ReadAction\",\"target\":[\"https:\\\/\\\/solidcomp.com\\\/sv\\\/losningar\\\/reality-twin-for-branscher\\\/kemisk-industri\\\/\"]}]},{\"@type\":\"BreadcrumbList\",\"@id\":\"https:\\\/\\\/solidcomp.com\\\/sv\\\/losningar\\\/reality-twin-for-branscher\\\/kemisk-industri\\\/#breadcrumb\",\"itemListElement\":[{\"@type\":\"ListItem\",\"position\":1,\"name\":\"Home\",\"item\":\"https:\\\/\\\/solidcomp.com\\\/sv\\\/\"},{\"@type\":\"ListItem\",\"position\":2,\"name\":\"L\u00f6sningar\",\"item\":\"https:\\\/\\\/solidcomp.com\\\/sv\\\/losningar\\\/\"},{\"@type\":\"ListItem\",\"position\":3,\"name\":\"Reality Twin f\u00f6r branscher\",\"item\":\"https:\\\/\\\/solidcomp.com\\\/sv\\\/losningar\\\/reality-twin-for-branscher\\\/\"},{\"@type\":\"ListItem\",\"position\":4,\"name\":\"Kemisk industri\"}]},{\"@type\":\"WebSite\",\"@id\":\"https:\\\/\\\/solidcomp.com\\\/sv\\\/#website\",\"url\":\"https:\\\/\\\/solidcomp.com\\\/sv\\\/\",\"name\":\"Solidcomp.com\",\"description\":\"\",\"publisher\":{\"@id\":\"https:\\\/\\\/solidcomp.com\\\/sv\\\/#organization\"},\"potentialAction\":[{\"@type\":\"SearchAction\",\"target\":{\"@type\":\"EntryPoint\",\"urlTemplate\":\"https:\\\/\\\/solidcomp.com\\\/sv\\\/?s={search_term_string}\"},\"query-input\":{\"@type\":\"PropertyValueSpecification\",\"valueRequired\":true,\"valueName\":\"search_term_string\"}}],\"inLanguage\":\"sv-SE\"},{\"@type\":\"Organization\",\"@id\":\"https:\\\/\\\/solidcomp.com\\\/sv\\\/#organization\",\"name\":\"SolidComp Oy\",\"url\":\"https:\\\/\\\/solidcomp.com\\\/sv\\\/\",\"logo\":{\"@type\":\"ImageObject\",\"inLanguage\":\"sv-SE\",\"@id\":\"https:\\\/\\\/solidcomp.com\\\/sv\\\/#\\\/schema\\\/logo\\\/image\\\/\",\"url\":\"https:\\\/\\\/solidcomp.com\\\/wp-content\\\/uploads\\\/2025\\\/05\\\/SolidComp-Black-Icon-10500x2600-1-scaled.png\",\"contentUrl\":\"https:\\\/\\\/solidcomp.com\\\/wp-content\\\/uploads\\\/2025\\\/05\\\/SolidComp-Black-Icon-10500x2600-1-scaled.png\",\"width\":2560,\"height\":634,\"caption\":\"SolidComp Oy\"},\"image\":{\"@id\":\"https:\\\/\\\/solidcomp.com\\\/sv\\\/#\\\/schema\\\/logo\\\/image\\\/\"},\"sameAs\":[\"https:\\\/\\\/www.facebook.com\\\/solidcompoy\\\/\",\"https:\\\/\\\/www.linkedin.com\\\/company\\\/solidcomp-oy\",\"https:\\\/\\\/www.instagram.com\\\/solidcompoy\\\/\",\"https:\\\/\\\/www.youtube.com\\\/@SolidCompOy\"]}]}<\/script>\n<!-- \/ Yoast SEO plugin. -->","yoast_head_json":{"title":"Kemisk industri | Anv\u00e4ndningsfall f\u00f6r digital tvilling | SolidComp","description":"Den kemiska industrin st\u00e5r inf\u00f6r utmaningar s\u00e5som att anpassa processer till nya r\u00e5varor och minska koldioxidavtrycket.","robots":{"index":"index","follow":"follow","max-snippet":"max-snippet:-1","max-image-preview":"max-image-preview:large","max-video-preview":"max-video-preview:-1"},"canonical":"https:\/\/solidcomp.com\/sv\/losningar\/reality-twin-for-branscher\/kemisk-industri\/","og_locale":"sv_SE","og_type":"article","og_title":"Kemisk industri | Anv\u00e4ndningsfall f\u00f6r digital tvilling | SolidComp","og_description":"Den kemiska industrin st\u00e5r inf\u00f6r utmaningar s\u00e5som att anpassa processer till nya r\u00e5varor och minska koldioxidavtrycket.","og_url":"https:\/\/solidcomp.com\/sv\/losningar\/reality-twin-for-branscher\/kemisk-industri\/","og_site_name":"SolidComp","article_publisher":"https:\/\/www.facebook.com\/solidcompoy\/","article_modified_time":"2026-05-06T20:08:56+00:00","twitter_card":"summary_large_image","schema":{"@context":"https:\/\/schema.org","@graph":[{"@type":"WebPage","@id":"https:\/\/solidcomp.com\/sv\/losningar\/reality-twin-for-branscher\/kemisk-industri\/","url":"https:\/\/solidcomp.com\/sv\/losningar\/reality-twin-for-branscher\/kemisk-industri\/","name":"Kemisk industri | Anv\u00e4ndningsfall f\u00f6r digital tvilling | SolidComp","isPartOf":{"@id":"https:\/\/solidcomp.com\/sv\/#website"},"datePublished":"2025-05-12T12:47:41+00:00","dateModified":"2026-05-06T20:08:56+00:00","description":"Den kemiska industrin st\u00e5r inf\u00f6r utmaningar s\u00e5som att anpassa processer till nya r\u00e5varor och minska koldioxidavtrycket.","breadcrumb":{"@id":"https:\/\/solidcomp.com\/sv\/losningar\/reality-twin-for-branscher\/kemisk-industri\/#breadcrumb"},"inLanguage":"sv-SE","potentialAction":[{"@type":"ReadAction","target":["https:\/\/solidcomp.com\/sv\/losningar\/reality-twin-for-branscher\/kemisk-industri\/"]}]},{"@type":"BreadcrumbList","@id":"https:\/\/solidcomp.com\/sv\/losningar\/reality-twin-for-branscher\/kemisk-industri\/#breadcrumb","itemListElement":[{"@type":"ListItem","position":1,"name":"Home","item":"https:\/\/solidcomp.com\/sv\/"},{"@type":"ListItem","position":2,"name":"L\u00f6sningar","item":"https:\/\/solidcomp.com\/sv\/losningar\/"},{"@type":"ListItem","position":3,"name":"Reality Twin f\u00f6r branscher","item":"https:\/\/solidcomp.com\/sv\/losningar\/reality-twin-for-branscher\/"},{"@type":"ListItem","position":4,"name":"Kemisk industri"}]},{"@type":"WebSite","@id":"https:\/\/solidcomp.com\/sv\/#website","url":"https:\/\/solidcomp.com\/sv\/","name":"Solidcomp.com","description":"","publisher":{"@id":"https:\/\/solidcomp.com\/sv\/#organization"},"potentialAction":[{"@type":"SearchAction","target":{"@type":"EntryPoint","urlTemplate":"https:\/\/solidcomp.com\/sv\/?s={search_term_string}"},"query-input":{"@type":"PropertyValueSpecification","valueRequired":true,"valueName":"search_term_string"}}],"inLanguage":"sv-SE"},{"@type":"Organization","@id":"https:\/\/solidcomp.com\/sv\/#organization","name":"SolidComp Oy","url":"https:\/\/solidcomp.com\/sv\/","logo":{"@type":"ImageObject","inLanguage":"sv-SE","@id":"https:\/\/solidcomp.com\/sv\/#\/schema\/logo\/image\/","url":"https:\/\/solidcomp.com\/wp-content\/uploads\/2025\/05\/SolidComp-Black-Icon-10500x2600-1-scaled.png","contentUrl":"https:\/\/solidcomp.com\/wp-content\/uploads\/2025\/05\/SolidComp-Black-Icon-10500x2600-1-scaled.png","width":2560,"height":634,"caption":"SolidComp Oy"},"image":{"@id":"https:\/\/solidcomp.com\/sv\/#\/schema\/logo\/image\/"},"sameAs":["https:\/\/www.facebook.com\/solidcompoy\/","https:\/\/www.linkedin.com\/company\/solidcomp-oy","https:\/\/www.instagram.com\/solidcompoy\/","https:\/\/www.youtube.com\/@SolidCompOy"]}]}},"_links":{"self":[{"href":"https:\/\/solidcomp.com\/sv\/wp-json\/wp\/v2\/pages\/8902","targetHints":{"allow":["GET"]}}],"collection":[{"href":"https:\/\/solidcomp.com\/sv\/wp-json\/wp\/v2\/pages"}],"about":[{"href":"https:\/\/solidcomp.com\/sv\/wp-json\/wp\/v2\/types\/page"}],"author":[{"embeddable":true,"href":"https:\/\/solidcomp.com\/sv\/wp-json\/wp\/v2\/users\/1"}],"replies":[{"embeddable":true,"href":"https:\/\/solidcomp.com\/sv\/wp-json\/wp\/v2\/comments?post=8902"}],"version-history":[{"count":3,"href":"https:\/\/solidcomp.com\/sv\/wp-json\/wp\/v2\/pages\/8902\/revisions"}],"predecessor-version":[{"id":9719,"href":"https:\/\/solidcomp.com\/sv\/wp-json\/wp\/v2\/pages\/8902\/revisions\/9719"}],"up":[{"embeddable":true,"href":"https:\/\/solidcomp.com\/sv\/wp-json\/wp\/v2\/pages\/8894"}],"wp:attachment":[{"href":"https:\/\/solidcomp.com\/sv\/wp-json\/wp\/v2\/media?parent=8902"}],"curies":[{"name":"wp","href":"https:\/\/api.w.org\/{rel}","templated":true}]}}