{"id":8890,"date":"2025-05-14T12:09:25","date_gmt":"2025-05-14T09:09:25","guid":{"rendered":"https:\/\/solidcomp.com\/identify-anomalies-reduce-risks-maintain-safety\/"},"modified":"2026-05-06T22:37:14","modified_gmt":"2026-05-06T19:37:14","slug":"riskhantering","status":"publish","type":"page","link":"https:\/\/solidcomp.com\/sv\/losningar\/finansiell-konkurrensfordel\/riskhantering\/","title":{"rendered":"Riskhantering"},"content":{"rendered":"","protected":false},"excerpt":{"rendered":"","protected":false},"author":1,"featured_media":0,"parent":8869,"menu_order":0,"comment_status":"closed","ping_status":"closed","template":"page-templates\/sub-page.php","meta":{"_acf_changed":false,"footnotes":""},"class_list":["post-8890","page","type-page","status-publish","hentry"],"acf":[],"yoast_head":"<!-- This site is optimized with the Yoast SEO plugin v27.5 - https:\/\/yoast.com\/product\/yoast-seo-wordpress\/ -->\n<title>Riskhantering | Digital Twin Benefits | SolidComp<\/title>\n<meta name=\"description\" content=\"Reality Twin st\u00e4rker riskhanteringen genom att f\u00f6rb\u00e4ttra kommunikationen, \u00f6ka datatillg\u00e4ngligheten och hj\u00e4lpa till att identifiera risker.\" \/>\n<meta name=\"robots\" content=\"index, follow, max-snippet:-1, max-image-preview:large, max-video-preview:-1\" \/>\n<link rel=\"canonical\" href=\"https:\/\/solidcomp.com\/sv\/losningar\/finansiell-konkurrensfordel\/riskhantering\/\" \/>\n<meta property=\"og:locale\" content=\"sv_SE\" \/>\n<meta property=\"og:type\" content=\"article\" \/>\n<meta property=\"og:title\" content=\"Riskhantering | Digital Twin Benefits | SolidComp\" \/>\n<meta property=\"og:description\" content=\"Reality Twin st\u00e4rker riskhanteringen genom att f\u00f6rb\u00e4ttra kommunikationen, \u00f6ka datatillg\u00e4ngligheten och hj\u00e4lpa till att identifiera risker.\" \/>\n<meta property=\"og:url\" content=\"https:\/\/solidcomp.com\/sv\/losningar\/finansiell-konkurrensfordel\/riskhantering\/\" \/>\n<meta property=\"og:site_name\" content=\"SolidComp\" \/>\n<meta property=\"article:publisher\" content=\"https:\/\/www.facebook.com\/solidcompoy\/\" \/>\n<meta property=\"article:modified_time\" content=\"2026-05-06T19:37:14+00:00\" \/>\n<meta name=\"twitter:card\" content=\"summary_large_image\" \/>\n<script type=\"application\/ld+json\" class=\"yoast-schema-graph\">{\"@context\":\"https:\\\/\\\/schema.org\",\"@graph\":[{\"@type\":\"WebPage\",\"@id\":\"https:\\\/\\\/solidcomp.com\\\/sv\\\/losningar\\\/finansiell-konkurrensfordel\\\/riskhantering\\\/\",\"url\":\"https:\\\/\\\/solidcomp.com\\\/sv\\\/losningar\\\/finansiell-konkurrensfordel\\\/riskhantering\\\/\",\"name\":\"Riskhantering | Digital Twin Benefits | SolidComp\",\"isPartOf\":{\"@id\":\"https:\\\/\\\/solidcomp.com\\\/sv\\\/#website\"},\"datePublished\":\"2025-05-14T09:09:25+00:00\",\"dateModified\":\"2026-05-06T19:37:14+00:00\",\"description\":\"Reality Twin st\u00e4rker riskhanteringen genom att f\u00f6rb\u00e4ttra kommunikationen, \u00f6ka datatillg\u00e4ngligheten och hj\u00e4lpa till att identifiera risker.\",\"breadcrumb\":{\"@id\":\"https:\\\/\\\/solidcomp.com\\\/sv\\\/losningar\\\/finansiell-konkurrensfordel\\\/riskhantering\\\/#breadcrumb\"},\"inLanguage\":\"sv-SE\",\"potentialAction\":[{\"@type\":\"ReadAction\",\"target\":[\"https:\\\/\\\/solidcomp.com\\\/sv\\\/losningar\\\/finansiell-konkurrensfordel\\\/riskhantering\\\/\"]}]},{\"@type\":\"BreadcrumbList\",\"@id\":\"https:\\\/\\\/solidcomp.com\\\/sv\\\/losningar\\\/finansiell-konkurrensfordel\\\/riskhantering\\\/#breadcrumb\",\"itemListElement\":[{\"@type\":\"ListItem\",\"position\":1,\"name\":\"Home\",\"item\":\"https:\\\/\\\/solidcomp.com\\\/sv\\\/\"},{\"@type\":\"ListItem\",\"position\":2,\"name\":\"L\u00f6sningar\",\"item\":\"https:\\\/\\\/solidcomp.com\\\/sv\\\/losningar\\\/\"},{\"@type\":\"ListItem\",\"position\":3,\"name\":\"Finansiell konkurrensf\u00f6rdel\",\"item\":\"https:\\\/\\\/solidcomp.com\\\/sv\\\/losningar\\\/finansiell-konkurrensfordel\\\/\"},{\"@type\":\"ListItem\",\"position\":4,\"name\":\"Riskhantering\"}]},{\"@type\":\"WebSite\",\"@id\":\"https:\\\/\\\/solidcomp.com\\\/sv\\\/#website\",\"url\":\"https:\\\/\\\/solidcomp.com\\\/sv\\\/\",\"name\":\"Solidcomp.com\",\"description\":\"\",\"publisher\":{\"@id\":\"https:\\\/\\\/solidcomp.com\\\/sv\\\/#organization\"},\"potentialAction\":[{\"@type\":\"SearchAction\",\"target\":{\"@type\":\"EntryPoint\",\"urlTemplate\":\"https:\\\/\\\/solidcomp.com\\\/sv\\\/?s={search_term_string}\"},\"query-input\":{\"@type\":\"PropertyValueSpecification\",\"valueRequired\":true,\"valueName\":\"search_term_string\"}}],\"inLanguage\":\"sv-SE\"},{\"@type\":\"Organization\",\"@id\":\"https:\\\/\\\/solidcomp.com\\\/sv\\\/#organization\",\"name\":\"SolidComp Oy\",\"url\":\"https:\\\/\\\/solidcomp.com\\\/sv\\\/\",\"logo\":{\"@type\":\"ImageObject\",\"inLanguage\":\"sv-SE\",\"@id\":\"https:\\\/\\\/solidcomp.com\\\/sv\\\/#\\\/schema\\\/logo\\\/image\\\/\",\"url\":\"https:\\\/\\\/solidcomp.com\\\/wp-content\\\/uploads\\\/2025\\\/05\\\/SolidComp-Black-Icon-10500x2600-1-scaled.png\",\"contentUrl\":\"https:\\\/\\\/solidcomp.com\\\/wp-content\\\/uploads\\\/2025\\\/05\\\/SolidComp-Black-Icon-10500x2600-1-scaled.png\",\"width\":2560,\"height\":634,\"caption\":\"SolidComp Oy\"},\"image\":{\"@id\":\"https:\\\/\\\/solidcomp.com\\\/sv\\\/#\\\/schema\\\/logo\\\/image\\\/\"},\"sameAs\":[\"https:\\\/\\\/www.facebook.com\\\/solidcompoy\\\/\",\"https:\\\/\\\/www.linkedin.com\\\/company\\\/solidcomp-oy\",\"https:\\\/\\\/www.instagram.com\\\/solidcompoy\\\/\",\"https:\\\/\\\/www.youtube.com\\\/@SolidCompOy\"]}]}<\/script>\n<!-- \/ Yoast SEO plugin. -->","yoast_head_json":{"title":"Riskhantering | Digital Twin Benefits | SolidComp","description":"Reality Twin st\u00e4rker riskhanteringen genom att f\u00f6rb\u00e4ttra kommunikationen, \u00f6ka datatillg\u00e4ngligheten och hj\u00e4lpa till att identifiera risker.","robots":{"index":"index","follow":"follow","max-snippet":"max-snippet:-1","max-image-preview":"max-image-preview:large","max-video-preview":"max-video-preview:-1"},"canonical":"https:\/\/solidcomp.com\/sv\/losningar\/finansiell-konkurrensfordel\/riskhantering\/","og_locale":"sv_SE","og_type":"article","og_title":"Riskhantering | Digital Twin Benefits | SolidComp","og_description":"Reality Twin st\u00e4rker riskhanteringen genom att f\u00f6rb\u00e4ttra kommunikationen, \u00f6ka datatillg\u00e4ngligheten och hj\u00e4lpa till att identifiera risker.","og_url":"https:\/\/solidcomp.com\/sv\/losningar\/finansiell-konkurrensfordel\/riskhantering\/","og_site_name":"SolidComp","article_publisher":"https:\/\/www.facebook.com\/solidcompoy\/","article_modified_time":"2026-05-06T19:37:14+00:00","twitter_card":"summary_large_image","schema":{"@context":"https:\/\/schema.org","@graph":[{"@type":"WebPage","@id":"https:\/\/solidcomp.com\/sv\/losningar\/finansiell-konkurrensfordel\/riskhantering\/","url":"https:\/\/solidcomp.com\/sv\/losningar\/finansiell-konkurrensfordel\/riskhantering\/","name":"Riskhantering | Digital Twin Benefits | SolidComp","isPartOf":{"@id":"https:\/\/solidcomp.com\/sv\/#website"},"datePublished":"2025-05-14T09:09:25+00:00","dateModified":"2026-05-06T19:37:14+00:00","description":"Reality Twin st\u00e4rker riskhanteringen genom att f\u00f6rb\u00e4ttra kommunikationen, \u00f6ka datatillg\u00e4ngligheten och hj\u00e4lpa till att identifiera risker.","breadcrumb":{"@id":"https:\/\/solidcomp.com\/sv\/losningar\/finansiell-konkurrensfordel\/riskhantering\/#breadcrumb"},"inLanguage":"sv-SE","potentialAction":[{"@type":"ReadAction","target":["https:\/\/solidcomp.com\/sv\/losningar\/finansiell-konkurrensfordel\/riskhantering\/"]}]},{"@type":"BreadcrumbList","@id":"https:\/\/solidcomp.com\/sv\/losningar\/finansiell-konkurrensfordel\/riskhantering\/#breadcrumb","itemListElement":[{"@type":"ListItem","position":1,"name":"Home","item":"https:\/\/solidcomp.com\/sv\/"},{"@type":"ListItem","position":2,"name":"L\u00f6sningar","item":"https:\/\/solidcomp.com\/sv\/losningar\/"},{"@type":"ListItem","position":3,"name":"Finansiell konkurrensf\u00f6rdel","item":"https:\/\/solidcomp.com\/sv\/losningar\/finansiell-konkurrensfordel\/"},{"@type":"ListItem","position":4,"name":"Riskhantering"}]},{"@type":"WebSite","@id":"https:\/\/solidcomp.com\/sv\/#website","url":"https:\/\/solidcomp.com\/sv\/","name":"Solidcomp.com","description":"","publisher":{"@id":"https:\/\/solidcomp.com\/sv\/#organization"},"potentialAction":[{"@type":"SearchAction","target":{"@type":"EntryPoint","urlTemplate":"https:\/\/solidcomp.com\/sv\/?s={search_term_string}"},"query-input":{"@type":"PropertyValueSpecification","valueRequired":true,"valueName":"search_term_string"}}],"inLanguage":"sv-SE"},{"@type":"Organization","@id":"https:\/\/solidcomp.com\/sv\/#organization","name":"SolidComp Oy","url":"https:\/\/solidcomp.com\/sv\/","logo":{"@type":"ImageObject","inLanguage":"sv-SE","@id":"https:\/\/solidcomp.com\/sv\/#\/schema\/logo\/image\/","url":"https:\/\/solidcomp.com\/wp-content\/uploads\/2025\/05\/SolidComp-Black-Icon-10500x2600-1-scaled.png","contentUrl":"https:\/\/solidcomp.com\/wp-content\/uploads\/2025\/05\/SolidComp-Black-Icon-10500x2600-1-scaled.png","width":2560,"height":634,"caption":"SolidComp Oy"},"image":{"@id":"https:\/\/solidcomp.com\/sv\/#\/schema\/logo\/image\/"},"sameAs":["https:\/\/www.facebook.com\/solidcompoy\/","https:\/\/www.linkedin.com\/company\/solidcomp-oy","https:\/\/www.instagram.com\/solidcompoy\/","https:\/\/www.youtube.com\/@SolidCompOy"]}]}},"_links":{"self":[{"href":"https:\/\/solidcomp.com\/sv\/wp-json\/wp\/v2\/pages\/8890","targetHints":{"allow":["GET"]}}],"collection":[{"href":"https:\/\/solidcomp.com\/sv\/wp-json\/wp\/v2\/pages"}],"about":[{"href":"https:\/\/solidcomp.com\/sv\/wp-json\/wp\/v2\/types\/page"}],"author":[{"embeddable":true,"href":"https:\/\/solidcomp.com\/sv\/wp-json\/wp\/v2\/users\/1"}],"replies":[{"embeddable":true,"href":"https:\/\/solidcomp.com\/sv\/wp-json\/wp\/v2\/comments?post=8890"}],"version-history":[{"count":3,"href":"https:\/\/solidcomp.com\/sv\/wp-json\/wp\/v2\/pages\/8890\/revisions"}],"predecessor-version":[{"id":9703,"href":"https:\/\/solidcomp.com\/sv\/wp-json\/wp\/v2\/pages\/8890\/revisions\/9703"}],"up":[{"embeddable":true,"href":"https:\/\/solidcomp.com\/sv\/wp-json\/wp\/v2\/pages\/8869"}],"wp:attachment":[{"href":"https:\/\/solidcomp.com\/sv\/wp-json\/wp\/v2\/media?parent=8890"}],"curies":[{"name":"wp","href":"https:\/\/api.w.org\/{rel}","templated":true}]}}