{"id":8887,"date":"2025-05-14T12:03:42","date_gmt":"2025-05-14T09:03:42","guid":{"rendered":"https:\/\/solidcomp.com\/faster-data-flow-decision-making-to-minimise-downtime\/"},"modified":"2026-05-06T18:59:32","modified_gmt":"2026-05-06T15:59:32","slug":"snabbare-dataflode-och-beslutsfattande","status":"publish","type":"page","link":"https:\/\/solidcomp.com\/sv\/losningar\/finansiell-konkurrensfordel\/snabbare-dataflode-och-beslutsfattande\/","title":{"rendered":"Snabbare datafl\u00f6de och beslutsfattande"},"content":{"rendered":"","protected":false},"excerpt":{"rendered":"","protected":false},"author":1,"featured_media":0,"parent":8869,"menu_order":0,"comment_status":"closed","ping_status":"closed","template":"page-templates\/sub-page.php","meta":{"_acf_changed":false,"footnotes":""},"class_list":["post-8887","page","type-page","status-publish","hentry"],"acf":[],"yoast_head":"<!-- This site is optimized with the Yoast SEO plugin v27.5 - https:\/\/yoast.com\/product\/yoast-seo-wordpress\/ -->\n<title>Snabbare datafl\u00f6de och beslutsfattande | SolidComp<\/title>\n<meta name=\"description\" content=\"I industriprojekt d\u00e4r flera underleverant\u00f6rer beh\u00f6ver samarbeta fungerar Reality Twin som en gemensam plattform f\u00f6r data och kommunikation.\" \/>\n<meta name=\"robots\" content=\"index, follow, max-snippet:-1, max-image-preview:large, max-video-preview:-1\" \/>\n<link rel=\"canonical\" href=\"https:\/\/solidcomp.com\/sv\/losningar\/finansiell-konkurrensfordel\/snabbare-dataflode-och-beslutsfattande\/\" \/>\n<meta property=\"og:locale\" content=\"sv_SE\" \/>\n<meta property=\"og:type\" content=\"article\" \/>\n<meta property=\"og:title\" content=\"Snabbare datafl\u00f6de och beslutsfattande | SolidComp\" \/>\n<meta property=\"og:description\" content=\"I industriprojekt d\u00e4r flera underleverant\u00f6rer beh\u00f6ver samarbeta fungerar Reality Twin som en gemensam plattform f\u00f6r data och kommunikation.\" \/>\n<meta property=\"og:url\" content=\"https:\/\/solidcomp.com\/sv\/losningar\/finansiell-konkurrensfordel\/snabbare-dataflode-och-beslutsfattande\/\" \/>\n<meta property=\"og:site_name\" content=\"SolidComp\" \/>\n<meta property=\"article:publisher\" content=\"https:\/\/www.facebook.com\/solidcompoy\/\" \/>\n<meta property=\"article:modified_time\" content=\"2026-05-06T15:59:32+00:00\" \/>\n<meta name=\"twitter:card\" content=\"summary_large_image\" \/>\n<script type=\"application\/ld+json\" class=\"yoast-schema-graph\">{\"@context\":\"https:\\\/\\\/schema.org\",\"@graph\":[{\"@type\":\"WebPage\",\"@id\":\"https:\\\/\\\/solidcomp.com\\\/sv\\\/losningar\\\/finansiell-konkurrensfordel\\\/snabbare-dataflode-och-beslutsfattande\\\/\",\"url\":\"https:\\\/\\\/solidcomp.com\\\/sv\\\/losningar\\\/finansiell-konkurrensfordel\\\/snabbare-dataflode-och-beslutsfattande\\\/\",\"name\":\"Snabbare datafl\u00f6de och beslutsfattande | SolidComp\",\"isPartOf\":{\"@id\":\"https:\\\/\\\/solidcomp.com\\\/#website\"},\"datePublished\":\"2025-05-14T09:03:42+00:00\",\"dateModified\":\"2026-05-06T15:59:32+00:00\",\"description\":\"I industriprojekt d\u00e4r flera underleverant\u00f6rer beh\u00f6ver samarbeta fungerar Reality Twin som en gemensam plattform f\u00f6r data och kommunikation.\",\"breadcrumb\":{\"@id\":\"https:\\\/\\\/solidcomp.com\\\/sv\\\/losningar\\\/finansiell-konkurrensfordel\\\/snabbare-dataflode-och-beslutsfattande\\\/#breadcrumb\"},\"inLanguage\":\"sv-SE\",\"potentialAction\":[{\"@type\":\"ReadAction\",\"target\":[\"https:\\\/\\\/solidcomp.com\\\/sv\\\/losningar\\\/finansiell-konkurrensfordel\\\/snabbare-dataflode-och-beslutsfattande\\\/\"]}]},{\"@type\":\"BreadcrumbList\",\"@id\":\"https:\\\/\\\/solidcomp.com\\\/sv\\\/losningar\\\/finansiell-konkurrensfordel\\\/snabbare-dataflode-och-beslutsfattande\\\/#breadcrumb\",\"itemListElement\":[{\"@type\":\"ListItem\",\"position\":1,\"name\":\"Home\",\"item\":\"https:\\\/\\\/solidcomp.com\\\/sv\\\/\"},{\"@type\":\"ListItem\",\"position\":2,\"name\":\"L\u00f6sningar\",\"item\":\"https:\\\/\\\/solidcomp.com\\\/sv\\\/losningar\\\/\"},{\"@type\":\"ListItem\",\"position\":3,\"name\":\"Finansiell konkurrensf\u00f6rdel\",\"item\":\"https:\\\/\\\/solidcomp.com\\\/sv\\\/losningar\\\/finansiell-konkurrensfordel\\\/\"},{\"@type\":\"ListItem\",\"position\":4,\"name\":\"Snabbare datafl\u00f6de och beslutsfattande\"}]},{\"@type\":\"WebSite\",\"@id\":\"https:\\\/\\\/solidcomp.com\\\/#website\",\"url\":\"https:\\\/\\\/solidcomp.com\\\/\",\"name\":\"Solidcomp.com\",\"description\":\"\",\"publisher\":{\"@id\":\"https:\\\/\\\/solidcomp.com\\\/#organization\"},\"potentialAction\":[{\"@type\":\"SearchAction\",\"target\":{\"@type\":\"EntryPoint\",\"urlTemplate\":\"https:\\\/\\\/solidcomp.com\\\/?s={search_term_string}\"},\"query-input\":{\"@type\":\"PropertyValueSpecification\",\"valueRequired\":true,\"valueName\":\"search_term_string\"}}],\"inLanguage\":\"sv-SE\"},{\"@type\":\"Organization\",\"@id\":\"https:\\\/\\\/solidcomp.com\\\/#organization\",\"name\":\"SolidComp Oy\",\"url\":\"https:\\\/\\\/solidcomp.com\\\/\",\"logo\":{\"@type\":\"ImageObject\",\"inLanguage\":\"sv-SE\",\"@id\":\"https:\\\/\\\/solidcomp.com\\\/#\\\/schema\\\/logo\\\/image\\\/\",\"url\":\"https:\\\/\\\/solidcomp.com\\\/wp-content\\\/uploads\\\/2025\\\/05\\\/SolidComp-Black-Icon-10500x2600-1-scaled.png\",\"contentUrl\":\"https:\\\/\\\/solidcomp.com\\\/wp-content\\\/uploads\\\/2025\\\/05\\\/SolidComp-Black-Icon-10500x2600-1-scaled.png\",\"width\":2560,\"height\":634,\"caption\":\"SolidComp Oy\"},\"image\":{\"@id\":\"https:\\\/\\\/solidcomp.com\\\/#\\\/schema\\\/logo\\\/image\\\/\"},\"sameAs\":[\"https:\\\/\\\/www.facebook.com\\\/solidcompoy\\\/\",\"https:\\\/\\\/www.linkedin.com\\\/company\\\/solidcomp-oy\",\"https:\\\/\\\/www.instagram.com\\\/solidcompoy\\\/\",\"https:\\\/\\\/www.youtube.com\\\/@SolidCompOy\"]}]}<\/script>\n<!-- \/ Yoast SEO plugin. -->","yoast_head_json":{"title":"Snabbare datafl\u00f6de och beslutsfattande | SolidComp","description":"I industriprojekt d\u00e4r flera underleverant\u00f6rer beh\u00f6ver samarbeta fungerar Reality Twin som en gemensam plattform f\u00f6r data och kommunikation.","robots":{"index":"index","follow":"follow","max-snippet":"max-snippet:-1","max-image-preview":"max-image-preview:large","max-video-preview":"max-video-preview:-1"},"canonical":"https:\/\/solidcomp.com\/sv\/losningar\/finansiell-konkurrensfordel\/snabbare-dataflode-och-beslutsfattande\/","og_locale":"sv_SE","og_type":"article","og_title":"Snabbare datafl\u00f6de och beslutsfattande | SolidComp","og_description":"I industriprojekt d\u00e4r flera underleverant\u00f6rer beh\u00f6ver samarbeta fungerar Reality Twin som en gemensam plattform f\u00f6r data och kommunikation.","og_url":"https:\/\/solidcomp.com\/sv\/losningar\/finansiell-konkurrensfordel\/snabbare-dataflode-och-beslutsfattande\/","og_site_name":"SolidComp","article_publisher":"https:\/\/www.facebook.com\/solidcompoy\/","article_modified_time":"2026-05-06T15:59:32+00:00","twitter_card":"summary_large_image","schema":{"@context":"https:\/\/schema.org","@graph":[{"@type":"WebPage","@id":"https:\/\/solidcomp.com\/sv\/losningar\/finansiell-konkurrensfordel\/snabbare-dataflode-och-beslutsfattande\/","url":"https:\/\/solidcomp.com\/sv\/losningar\/finansiell-konkurrensfordel\/snabbare-dataflode-och-beslutsfattande\/","name":"Snabbare datafl\u00f6de och beslutsfattande | SolidComp","isPartOf":{"@id":"https:\/\/solidcomp.com\/#website"},"datePublished":"2025-05-14T09:03:42+00:00","dateModified":"2026-05-06T15:59:32+00:00","description":"I industriprojekt d\u00e4r flera underleverant\u00f6rer beh\u00f6ver samarbeta fungerar Reality Twin som en gemensam plattform f\u00f6r data och kommunikation.","breadcrumb":{"@id":"https:\/\/solidcomp.com\/sv\/losningar\/finansiell-konkurrensfordel\/snabbare-dataflode-och-beslutsfattande\/#breadcrumb"},"inLanguage":"sv-SE","potentialAction":[{"@type":"ReadAction","target":["https:\/\/solidcomp.com\/sv\/losningar\/finansiell-konkurrensfordel\/snabbare-dataflode-och-beslutsfattande\/"]}]},{"@type":"BreadcrumbList","@id":"https:\/\/solidcomp.com\/sv\/losningar\/finansiell-konkurrensfordel\/snabbare-dataflode-och-beslutsfattande\/#breadcrumb","itemListElement":[{"@type":"ListItem","position":1,"name":"Home","item":"https:\/\/solidcomp.com\/sv\/"},{"@type":"ListItem","position":2,"name":"L\u00f6sningar","item":"https:\/\/solidcomp.com\/sv\/losningar\/"},{"@type":"ListItem","position":3,"name":"Finansiell konkurrensf\u00f6rdel","item":"https:\/\/solidcomp.com\/sv\/losningar\/finansiell-konkurrensfordel\/"},{"@type":"ListItem","position":4,"name":"Snabbare datafl\u00f6de och beslutsfattande"}]},{"@type":"WebSite","@id":"https:\/\/solidcomp.com\/#website","url":"https:\/\/solidcomp.com\/","name":"Solidcomp.com","description":"","publisher":{"@id":"https:\/\/solidcomp.com\/#organization"},"potentialAction":[{"@type":"SearchAction","target":{"@type":"EntryPoint","urlTemplate":"https:\/\/solidcomp.com\/?s={search_term_string}"},"query-input":{"@type":"PropertyValueSpecification","valueRequired":true,"valueName":"search_term_string"}}],"inLanguage":"sv-SE"},{"@type":"Organization","@id":"https:\/\/solidcomp.com\/#organization","name":"SolidComp Oy","url":"https:\/\/solidcomp.com\/","logo":{"@type":"ImageObject","inLanguage":"sv-SE","@id":"https:\/\/solidcomp.com\/#\/schema\/logo\/image\/","url":"https:\/\/solidcomp.com\/wp-content\/uploads\/2025\/05\/SolidComp-Black-Icon-10500x2600-1-scaled.png","contentUrl":"https:\/\/solidcomp.com\/wp-content\/uploads\/2025\/05\/SolidComp-Black-Icon-10500x2600-1-scaled.png","width":2560,"height":634,"caption":"SolidComp Oy"},"image":{"@id":"https:\/\/solidcomp.com\/#\/schema\/logo\/image\/"},"sameAs":["https:\/\/www.facebook.com\/solidcompoy\/","https:\/\/www.linkedin.com\/company\/solidcomp-oy","https:\/\/www.instagram.com\/solidcompoy\/","https:\/\/www.youtube.com\/@SolidCompOy"]}]}},"_links":{"self":[{"href":"https:\/\/solidcomp.com\/sv\/wp-json\/wp\/v2\/pages\/8887","targetHints":{"allow":["GET"]}}],"collection":[{"href":"https:\/\/solidcomp.com\/sv\/wp-json\/wp\/v2\/pages"}],"about":[{"href":"https:\/\/solidcomp.com\/sv\/wp-json\/wp\/v2\/types\/page"}],"author":[{"embeddable":true,"href":"https:\/\/solidcomp.com\/sv\/wp-json\/wp\/v2\/users\/1"}],"replies":[{"embeddable":true,"href":"https:\/\/solidcomp.com\/sv\/wp-json\/wp\/v2\/comments?post=8887"}],"version-history":[{"count":2,"href":"https:\/\/solidcomp.com\/sv\/wp-json\/wp\/v2\/pages\/8887\/revisions"}],"predecessor-version":[{"id":9354,"href":"https:\/\/solidcomp.com\/sv\/wp-json\/wp\/v2\/pages\/8887\/revisions\/9354"}],"up":[{"embeddable":true,"href":"https:\/\/solidcomp.com\/sv\/wp-json\/wp\/v2\/pages\/8869"}],"wp:attachment":[{"href":"https:\/\/solidcomp.com\/sv\/wp-json\/wp\/v2\/media?parent=8887"}],"curies":[{"name":"wp","href":"https:\/\/api.w.org\/{rel}","templated":true}]}}