{"id":8846,"date":"2025-05-23T15:42:28","date_gmt":"2025-05-23T12:42:28","guid":{"rendered":"https:\/\/solidcomp.com\/post-processing-as-a-service\/"},"modified":"2026-05-06T21:13:56","modified_gmt":"2026-05-06T18:13:56","slug":"efterbearbetning-som-tjanst","status":"publish","type":"page","link":"https:\/\/solidcomp.com\/sv\/produkter-och-tjanster\/ovriga-tjanster\/efterbearbetning-som-tjanst\/","title":{"rendered":"Efterbearbetning som tj\u00e4nst"},"content":{"rendered":"","protected":false},"excerpt":{"rendered":"","protected":false},"author":2,"featured_media":0,"parent":8828,"menu_order":0,"comment_status":"closed","ping_status":"closed","template":"page-templates\/sub-page.php","meta":{"_acf_changed":false,"footnotes":""},"class_list":["post-8846","page","type-page","status-publish","hentry"],"acf":[],"yoast_head":"<!-- This site is optimized with the Yoast SEO plugin v27.5 - https:\/\/yoast.com\/product\/yoast-seo-wordpress\/ -->\n<title>Efterbearbetning som tj\u00e4nst | Digitala tvillingl\u00f6sningar | SolidComp<\/title>\n<meta name=\"description\" content=\"Efterbearbetning omvandlar r\u00e5data till intelligenta och anv\u00e4ndbara 2D- och 3D-format som st\u00f6djer design, underh\u00e5ll och beslutsprocesser.\" \/>\n<meta name=\"robots\" content=\"index, follow, max-snippet:-1, max-image-preview:large, max-video-preview:-1\" \/>\n<link rel=\"canonical\" href=\"https:\/\/solidcomp.com\/sv\/produkter-och-tjanster\/ovriga-tjanster\/efterbearbetning-som-tjanst\/\" \/>\n<meta property=\"og:locale\" content=\"sv_SE\" \/>\n<meta property=\"og:type\" content=\"article\" \/>\n<meta property=\"og:title\" content=\"Efterbearbetning som tj\u00e4nst | Digitala tvillingl\u00f6sningar | SolidComp\" \/>\n<meta property=\"og:description\" content=\"Efterbearbetning omvandlar r\u00e5data till intelligenta och anv\u00e4ndbara 2D- och 3D-format som st\u00f6djer design, underh\u00e5ll och beslutsprocesser.\" \/>\n<meta property=\"og:url\" content=\"https:\/\/solidcomp.com\/sv\/produkter-och-tjanster\/ovriga-tjanster\/efterbearbetning-som-tjanst\/\" \/>\n<meta property=\"og:site_name\" content=\"SolidComp\" \/>\n<meta property=\"article:publisher\" content=\"https:\/\/www.facebook.com\/solidcompoy\/\" \/>\n<meta property=\"article:modified_time\" content=\"2026-05-06T18:13:56+00:00\" \/>\n<meta name=\"twitter:card\" content=\"summary_large_image\" \/>\n<script type=\"application\/ld+json\" class=\"yoast-schema-graph\">{\"@context\":\"https:\\\/\\\/schema.org\",\"@graph\":[{\"@type\":\"WebPage\",\"@id\":\"https:\\\/\\\/solidcomp.com\\\/sv\\\/produkter-och-tjanster\\\/ovriga-tjanster\\\/efterbearbetning-som-tjanst\\\/\",\"url\":\"https:\\\/\\\/solidcomp.com\\\/sv\\\/produkter-och-tjanster\\\/ovriga-tjanster\\\/efterbearbetning-som-tjanst\\\/\",\"name\":\"Efterbearbetning som tj\u00e4nst | Digitala tvillingl\u00f6sningar | SolidComp\",\"isPartOf\":{\"@id\":\"https:\\\/\\\/solidcomp.com\\\/#website\"},\"datePublished\":\"2025-05-23T12:42:28+00:00\",\"dateModified\":\"2026-05-06T18:13:56+00:00\",\"description\":\"Efterbearbetning omvandlar r\u00e5data till intelligenta och anv\u00e4ndbara 2D- och 3D-format som st\u00f6djer design, underh\u00e5ll och beslutsprocesser.\",\"breadcrumb\":{\"@id\":\"https:\\\/\\\/solidcomp.com\\\/sv\\\/produkter-och-tjanster\\\/ovriga-tjanster\\\/efterbearbetning-som-tjanst\\\/#breadcrumb\"},\"inLanguage\":\"sv-SE\",\"potentialAction\":[{\"@type\":\"ReadAction\",\"target\":[\"https:\\\/\\\/solidcomp.com\\\/sv\\\/produkter-och-tjanster\\\/ovriga-tjanster\\\/efterbearbetning-som-tjanst\\\/\"]}]},{\"@type\":\"BreadcrumbList\",\"@id\":\"https:\\\/\\\/solidcomp.com\\\/sv\\\/produkter-och-tjanster\\\/ovriga-tjanster\\\/efterbearbetning-som-tjanst\\\/#breadcrumb\",\"itemListElement\":[{\"@type\":\"ListItem\",\"position\":1,\"name\":\"Home\",\"item\":\"https:\\\/\\\/solidcomp.com\\\/sv\\\/\"},{\"@type\":\"ListItem\",\"position\":2,\"name\":\"Produkter och tj\u00e4nster\",\"item\":\"https:\\\/\\\/solidcomp.com\\\/sv\\\/produkter-och-tjanster\\\/\"},{\"@type\":\"ListItem\",\"position\":3,\"name\":\"\u00d6vriga tj\u00e4nster\",\"item\":\"https:\\\/\\\/solidcomp.com\\\/sv\\\/produkter-och-tjanster\\\/ovriga-tjanster\\\/\"},{\"@type\":\"ListItem\",\"position\":4,\"name\":\"Efterbearbetning som tj\u00e4nst\"}]},{\"@type\":\"WebSite\",\"@id\":\"https:\\\/\\\/solidcomp.com\\\/#website\",\"url\":\"https:\\\/\\\/solidcomp.com\\\/\",\"name\":\"Solidcomp.com\",\"description\":\"\",\"publisher\":{\"@id\":\"https:\\\/\\\/solidcomp.com\\\/#organization\"},\"potentialAction\":[{\"@type\":\"SearchAction\",\"target\":{\"@type\":\"EntryPoint\",\"urlTemplate\":\"https:\\\/\\\/solidcomp.com\\\/?s={search_term_string}\"},\"query-input\":{\"@type\":\"PropertyValueSpecification\",\"valueRequired\":true,\"valueName\":\"search_term_string\"}}],\"inLanguage\":\"sv-SE\"},{\"@type\":\"Organization\",\"@id\":\"https:\\\/\\\/solidcomp.com\\\/#organization\",\"name\":\"SolidComp Oy\",\"url\":\"https:\\\/\\\/solidcomp.com\\\/\",\"logo\":{\"@type\":\"ImageObject\",\"inLanguage\":\"sv-SE\",\"@id\":\"https:\\\/\\\/solidcomp.com\\\/#\\\/schema\\\/logo\\\/image\\\/\",\"url\":\"https:\\\/\\\/solidcomp.com\\\/wp-content\\\/uploads\\\/2025\\\/05\\\/SolidComp-Black-Icon-10500x2600-1-scaled.png\",\"contentUrl\":\"https:\\\/\\\/solidcomp.com\\\/wp-content\\\/uploads\\\/2025\\\/05\\\/SolidComp-Black-Icon-10500x2600-1-scaled.png\",\"width\":2560,\"height\":634,\"caption\":\"SolidComp Oy\"},\"image\":{\"@id\":\"https:\\\/\\\/solidcomp.com\\\/#\\\/schema\\\/logo\\\/image\\\/\"},\"sameAs\":[\"https:\\\/\\\/www.facebook.com\\\/solidcompoy\\\/\",\"https:\\\/\\\/www.linkedin.com\\\/company\\\/solidcomp-oy\",\"https:\\\/\\\/www.instagram.com\\\/solidcompoy\\\/\",\"https:\\\/\\\/www.youtube.com\\\/@SolidCompOy\"]}]}<\/script>\n<!-- \/ Yoast SEO plugin. -->","yoast_head_json":{"title":"Efterbearbetning som tj\u00e4nst | Digitala tvillingl\u00f6sningar | SolidComp","description":"Efterbearbetning omvandlar r\u00e5data till intelligenta och anv\u00e4ndbara 2D- och 3D-format som st\u00f6djer design, underh\u00e5ll och beslutsprocesser.","robots":{"index":"index","follow":"follow","max-snippet":"max-snippet:-1","max-image-preview":"max-image-preview:large","max-video-preview":"max-video-preview:-1"},"canonical":"https:\/\/solidcomp.com\/sv\/produkter-och-tjanster\/ovriga-tjanster\/efterbearbetning-som-tjanst\/","og_locale":"sv_SE","og_type":"article","og_title":"Efterbearbetning som tj\u00e4nst | Digitala tvillingl\u00f6sningar | SolidComp","og_description":"Efterbearbetning omvandlar r\u00e5data till intelligenta och anv\u00e4ndbara 2D- och 3D-format som st\u00f6djer design, underh\u00e5ll och beslutsprocesser.","og_url":"https:\/\/solidcomp.com\/sv\/produkter-och-tjanster\/ovriga-tjanster\/efterbearbetning-som-tjanst\/","og_site_name":"SolidComp","article_publisher":"https:\/\/www.facebook.com\/solidcompoy\/","article_modified_time":"2026-05-06T18:13:56+00:00","twitter_card":"summary_large_image","schema":{"@context":"https:\/\/schema.org","@graph":[{"@type":"WebPage","@id":"https:\/\/solidcomp.com\/sv\/produkter-och-tjanster\/ovriga-tjanster\/efterbearbetning-som-tjanst\/","url":"https:\/\/solidcomp.com\/sv\/produkter-och-tjanster\/ovriga-tjanster\/efterbearbetning-som-tjanst\/","name":"Efterbearbetning som tj\u00e4nst | Digitala tvillingl\u00f6sningar | SolidComp","isPartOf":{"@id":"https:\/\/solidcomp.com\/#website"},"datePublished":"2025-05-23T12:42:28+00:00","dateModified":"2026-05-06T18:13:56+00:00","description":"Efterbearbetning omvandlar r\u00e5data till intelligenta och anv\u00e4ndbara 2D- och 3D-format som st\u00f6djer design, underh\u00e5ll och beslutsprocesser.","breadcrumb":{"@id":"https:\/\/solidcomp.com\/sv\/produkter-och-tjanster\/ovriga-tjanster\/efterbearbetning-som-tjanst\/#breadcrumb"},"inLanguage":"sv-SE","potentialAction":[{"@type":"ReadAction","target":["https:\/\/solidcomp.com\/sv\/produkter-och-tjanster\/ovriga-tjanster\/efterbearbetning-som-tjanst\/"]}]},{"@type":"BreadcrumbList","@id":"https:\/\/solidcomp.com\/sv\/produkter-och-tjanster\/ovriga-tjanster\/efterbearbetning-som-tjanst\/#breadcrumb","itemListElement":[{"@type":"ListItem","position":1,"name":"Home","item":"https:\/\/solidcomp.com\/sv\/"},{"@type":"ListItem","position":2,"name":"Produkter och tj\u00e4nster","item":"https:\/\/solidcomp.com\/sv\/produkter-och-tjanster\/"},{"@type":"ListItem","position":3,"name":"\u00d6vriga tj\u00e4nster","item":"https:\/\/solidcomp.com\/sv\/produkter-och-tjanster\/ovriga-tjanster\/"},{"@type":"ListItem","position":4,"name":"Efterbearbetning som tj\u00e4nst"}]},{"@type":"WebSite","@id":"https:\/\/solidcomp.com\/#website","url":"https:\/\/solidcomp.com\/","name":"Solidcomp.com","description":"","publisher":{"@id":"https:\/\/solidcomp.com\/#organization"},"potentialAction":[{"@type":"SearchAction","target":{"@type":"EntryPoint","urlTemplate":"https:\/\/solidcomp.com\/?s={search_term_string}"},"query-input":{"@type":"PropertyValueSpecification","valueRequired":true,"valueName":"search_term_string"}}],"inLanguage":"sv-SE"},{"@type":"Organization","@id":"https:\/\/solidcomp.com\/#organization","name":"SolidComp Oy","url":"https:\/\/solidcomp.com\/","logo":{"@type":"ImageObject","inLanguage":"sv-SE","@id":"https:\/\/solidcomp.com\/#\/schema\/logo\/image\/","url":"https:\/\/solidcomp.com\/wp-content\/uploads\/2025\/05\/SolidComp-Black-Icon-10500x2600-1-scaled.png","contentUrl":"https:\/\/solidcomp.com\/wp-content\/uploads\/2025\/05\/SolidComp-Black-Icon-10500x2600-1-scaled.png","width":2560,"height":634,"caption":"SolidComp Oy"},"image":{"@id":"https:\/\/solidcomp.com\/#\/schema\/logo\/image\/"},"sameAs":["https:\/\/www.facebook.com\/solidcompoy\/","https:\/\/www.linkedin.com\/company\/solidcomp-oy","https:\/\/www.instagram.com\/solidcompoy\/","https:\/\/www.youtube.com\/@SolidCompOy"]}]}},"_links":{"self":[{"href":"https:\/\/solidcomp.com\/sv\/wp-json\/wp\/v2\/pages\/8846","targetHints":{"allow":["GET"]}}],"collection":[{"href":"https:\/\/solidcomp.com\/sv\/wp-json\/wp\/v2\/pages"}],"about":[{"href":"https:\/\/solidcomp.com\/sv\/wp-json\/wp\/v2\/types\/page"}],"author":[{"embeddable":true,"href":"https:\/\/solidcomp.com\/sv\/wp-json\/wp\/v2\/users\/2"}],"replies":[{"embeddable":true,"href":"https:\/\/solidcomp.com\/sv\/wp-json\/wp\/v2\/comments?post=8846"}],"version-history":[{"count":3,"href":"https:\/\/solidcomp.com\/sv\/wp-json\/wp\/v2\/pages\/8846\/revisions"}],"predecessor-version":[{"id":9381,"href":"https:\/\/solidcomp.com\/sv\/wp-json\/wp\/v2\/pages\/8846\/revisions\/9381"}],"up":[{"embeddable":true,"href":"https:\/\/solidcomp.com\/sv\/wp-json\/wp\/v2\/pages\/8828"}],"wp:attachment":[{"href":"https:\/\/solidcomp.com\/sv\/wp-json\/wp\/v2\/media?parent=8846"}],"curies":[{"name":"wp","href":"https:\/\/api.w.org\/{rel}","templated":true}]}}