{"id":8823,"date":"2025-02-18T14:51:01","date_gmt":"2025-02-18T12:51:01","guid":{"rendered":"https:\/\/solidcomp.com\/geo-radaring\/"},"modified":"2026-05-06T21:07:29","modified_gmt":"2026-05-06T18:07:29","slug":"georadar","status":"publish","type":"page","link":"https:\/\/solidcomp.com\/sv\/produkter-och-tjanster\/3d-skanning-av-industriella-miljoer\/georadar\/","title":{"rendered":"Georadar"},"content":{"rendered":"","protected":false},"excerpt":{"rendered":"","protected":false},"author":1,"featured_media":0,"parent":8767,"menu_order":0,"comment_status":"closed","ping_status":"closed","template":"page-templates\/sub-page.php","meta":{"_acf_changed":false,"footnotes":""},"class_list":["post-8823","page","type-page","status-publish","hentry"],"acf":[],"yoast_head":"<!-- This site is optimized with the Yoast SEO plugin v27.5 - https:\/\/yoast.com\/product\/yoast-seo-wordpress\/ -->\n<title>Georadar | Markradar f\u00f6r industriella anl\u00e4ggningar | SolidComp<\/title>\n<meta name=\"description\" content=\"Uppt\u00e4ck underjordiska r\u00f6r, kablar och strukturer innan arbetet p\u00e5b\u00f6rjas. Markradar minskar \u00f6verraskningar, f\u00f6rseningar och risker i industriella projekt.\" \/>\n<meta name=\"robots\" content=\"index, follow, max-snippet:-1, max-image-preview:large, max-video-preview:-1\" \/>\n<link rel=\"canonical\" href=\"https:\/\/solidcomp.com\/sv\/produkter-och-tjanster\/3d-skanning-av-industriella-miljoer\/georadar\/\" \/>\n<meta property=\"og:locale\" content=\"sv_SE\" \/>\n<meta property=\"og:type\" content=\"article\" \/>\n<meta property=\"og:title\" content=\"Georadar | Markradar f\u00f6r industriella anl\u00e4ggningar | SolidComp\" \/>\n<meta property=\"og:description\" content=\"Uppt\u00e4ck underjordiska r\u00f6r, kablar och strukturer innan arbetet p\u00e5b\u00f6rjas. Markradar minskar \u00f6verraskningar, f\u00f6rseningar och risker i industriella projekt.\" \/>\n<meta property=\"og:url\" content=\"https:\/\/solidcomp.com\/sv\/produkter-och-tjanster\/3d-skanning-av-industriella-miljoer\/georadar\/\" \/>\n<meta property=\"og:site_name\" content=\"SolidComp\" \/>\n<meta property=\"article:publisher\" content=\"https:\/\/www.facebook.com\/solidcompoy\/\" \/>\n<meta property=\"article:modified_time\" content=\"2026-05-06T18:07:29+00:00\" \/>\n<meta name=\"twitter:card\" content=\"summary_large_image\" \/>\n<script type=\"application\/ld+json\" class=\"yoast-schema-graph\">{\"@context\":\"https:\\\/\\\/schema.org\",\"@graph\":[{\"@type\":\"WebPage\",\"@id\":\"https:\\\/\\\/solidcomp.com\\\/sv\\\/produkter-och-tjanster\\\/3d-skanning-av-industriella-miljoer\\\/georadar\\\/\",\"url\":\"https:\\\/\\\/solidcomp.com\\\/sv\\\/produkter-och-tjanster\\\/3d-skanning-av-industriella-miljoer\\\/georadar\\\/\",\"name\":\"Georadar | Markradar f\u00f6r industriella anl\u00e4ggningar | SolidComp\",\"isPartOf\":{\"@id\":\"https:\\\/\\\/solidcomp.com\\\/#website\"},\"datePublished\":\"2025-02-18T12:51:01+00:00\",\"dateModified\":\"2026-05-06T18:07:29+00:00\",\"description\":\"Uppt\u00e4ck underjordiska r\u00f6r, kablar och strukturer innan arbetet p\u00e5b\u00f6rjas. Markradar minskar \u00f6verraskningar, f\u00f6rseningar och risker i industriella projekt.\",\"breadcrumb\":{\"@id\":\"https:\\\/\\\/solidcomp.com\\\/sv\\\/produkter-och-tjanster\\\/3d-skanning-av-industriella-miljoer\\\/georadar\\\/#breadcrumb\"},\"inLanguage\":\"sv-SE\",\"potentialAction\":[{\"@type\":\"ReadAction\",\"target\":[\"https:\\\/\\\/solidcomp.com\\\/sv\\\/produkter-och-tjanster\\\/3d-skanning-av-industriella-miljoer\\\/georadar\\\/\"]}]},{\"@type\":\"BreadcrumbList\",\"@id\":\"https:\\\/\\\/solidcomp.com\\\/sv\\\/produkter-och-tjanster\\\/3d-skanning-av-industriella-miljoer\\\/georadar\\\/#breadcrumb\",\"itemListElement\":[{\"@type\":\"ListItem\",\"position\":1,\"name\":\"Home\",\"item\":\"https:\\\/\\\/solidcomp.com\\\/sv\\\/\"},{\"@type\":\"ListItem\",\"position\":2,\"name\":\"Produkter och tj\u00e4nster\",\"item\":\"https:\\\/\\\/solidcomp.com\\\/sv\\\/produkter-och-tjanster\\\/\"},{\"@type\":\"ListItem\",\"position\":3,\"name\":\"3D-skanning av industriella milj\u00f6er\",\"item\":\"https:\\\/\\\/solidcomp.com\\\/sv\\\/produkter-och-tjanster\\\/3d-skanning-av-industriella-miljoer\\\/\"},{\"@type\":\"ListItem\",\"position\":4,\"name\":\"Georadar\"}]},{\"@type\":\"WebSite\",\"@id\":\"https:\\\/\\\/solidcomp.com\\\/#website\",\"url\":\"https:\\\/\\\/solidcomp.com\\\/\",\"name\":\"Solidcomp.com\",\"description\":\"\",\"publisher\":{\"@id\":\"https:\\\/\\\/solidcomp.com\\\/#organization\"},\"potentialAction\":[{\"@type\":\"SearchAction\",\"target\":{\"@type\":\"EntryPoint\",\"urlTemplate\":\"https:\\\/\\\/solidcomp.com\\\/?s={search_term_string}\"},\"query-input\":{\"@type\":\"PropertyValueSpecification\",\"valueRequired\":true,\"valueName\":\"search_term_string\"}}],\"inLanguage\":\"sv-SE\"},{\"@type\":\"Organization\",\"@id\":\"https:\\\/\\\/solidcomp.com\\\/#organization\",\"name\":\"SolidComp Oy\",\"url\":\"https:\\\/\\\/solidcomp.com\\\/\",\"logo\":{\"@type\":\"ImageObject\",\"inLanguage\":\"sv-SE\",\"@id\":\"https:\\\/\\\/solidcomp.com\\\/#\\\/schema\\\/logo\\\/image\\\/\",\"url\":\"https:\\\/\\\/solidcomp.com\\\/wp-content\\\/uploads\\\/2025\\\/05\\\/SolidComp-Black-Icon-10500x2600-1-scaled.png\",\"contentUrl\":\"https:\\\/\\\/solidcomp.com\\\/wp-content\\\/uploads\\\/2025\\\/05\\\/SolidComp-Black-Icon-10500x2600-1-scaled.png\",\"width\":2560,\"height\":634,\"caption\":\"SolidComp Oy\"},\"image\":{\"@id\":\"https:\\\/\\\/solidcomp.com\\\/#\\\/schema\\\/logo\\\/image\\\/\"},\"sameAs\":[\"https:\\\/\\\/www.facebook.com\\\/solidcompoy\\\/\",\"https:\\\/\\\/www.linkedin.com\\\/company\\\/solidcomp-oy\",\"https:\\\/\\\/www.instagram.com\\\/solidcompoy\\\/\",\"https:\\\/\\\/www.youtube.com\\\/@SolidCompOy\"]}]}<\/script>\n<!-- \/ Yoast SEO plugin. -->","yoast_head_json":{"title":"Georadar | Markradar f\u00f6r industriella anl\u00e4ggningar | SolidComp","description":"Uppt\u00e4ck underjordiska r\u00f6r, kablar och strukturer innan arbetet p\u00e5b\u00f6rjas. Markradar minskar \u00f6verraskningar, f\u00f6rseningar och risker i industriella projekt.","robots":{"index":"index","follow":"follow","max-snippet":"max-snippet:-1","max-image-preview":"max-image-preview:large","max-video-preview":"max-video-preview:-1"},"canonical":"https:\/\/solidcomp.com\/sv\/produkter-och-tjanster\/3d-skanning-av-industriella-miljoer\/georadar\/","og_locale":"sv_SE","og_type":"article","og_title":"Georadar | Markradar f\u00f6r industriella anl\u00e4ggningar | SolidComp","og_description":"Uppt\u00e4ck underjordiska r\u00f6r, kablar och strukturer innan arbetet p\u00e5b\u00f6rjas. Markradar minskar \u00f6verraskningar, f\u00f6rseningar och risker i industriella projekt.","og_url":"https:\/\/solidcomp.com\/sv\/produkter-och-tjanster\/3d-skanning-av-industriella-miljoer\/georadar\/","og_site_name":"SolidComp","article_publisher":"https:\/\/www.facebook.com\/solidcompoy\/","article_modified_time":"2026-05-06T18:07:29+00:00","twitter_card":"summary_large_image","schema":{"@context":"https:\/\/schema.org","@graph":[{"@type":"WebPage","@id":"https:\/\/solidcomp.com\/sv\/produkter-och-tjanster\/3d-skanning-av-industriella-miljoer\/georadar\/","url":"https:\/\/solidcomp.com\/sv\/produkter-och-tjanster\/3d-skanning-av-industriella-miljoer\/georadar\/","name":"Georadar | Markradar f\u00f6r industriella anl\u00e4ggningar | SolidComp","isPartOf":{"@id":"https:\/\/solidcomp.com\/#website"},"datePublished":"2025-02-18T12:51:01+00:00","dateModified":"2026-05-06T18:07:29+00:00","description":"Uppt\u00e4ck underjordiska r\u00f6r, kablar och strukturer innan arbetet p\u00e5b\u00f6rjas. Markradar minskar \u00f6verraskningar, f\u00f6rseningar och risker i industriella projekt.","breadcrumb":{"@id":"https:\/\/solidcomp.com\/sv\/produkter-och-tjanster\/3d-skanning-av-industriella-miljoer\/georadar\/#breadcrumb"},"inLanguage":"sv-SE","potentialAction":[{"@type":"ReadAction","target":["https:\/\/solidcomp.com\/sv\/produkter-och-tjanster\/3d-skanning-av-industriella-miljoer\/georadar\/"]}]},{"@type":"BreadcrumbList","@id":"https:\/\/solidcomp.com\/sv\/produkter-och-tjanster\/3d-skanning-av-industriella-miljoer\/georadar\/#breadcrumb","itemListElement":[{"@type":"ListItem","position":1,"name":"Home","item":"https:\/\/solidcomp.com\/sv\/"},{"@type":"ListItem","position":2,"name":"Produkter och tj\u00e4nster","item":"https:\/\/solidcomp.com\/sv\/produkter-och-tjanster\/"},{"@type":"ListItem","position":3,"name":"3D-skanning av industriella milj\u00f6er","item":"https:\/\/solidcomp.com\/sv\/produkter-och-tjanster\/3d-skanning-av-industriella-miljoer\/"},{"@type":"ListItem","position":4,"name":"Georadar"}]},{"@type":"WebSite","@id":"https:\/\/solidcomp.com\/#website","url":"https:\/\/solidcomp.com\/","name":"Solidcomp.com","description":"","publisher":{"@id":"https:\/\/solidcomp.com\/#organization"},"potentialAction":[{"@type":"SearchAction","target":{"@type":"EntryPoint","urlTemplate":"https:\/\/solidcomp.com\/?s={search_term_string}"},"query-input":{"@type":"PropertyValueSpecification","valueRequired":true,"valueName":"search_term_string"}}],"inLanguage":"sv-SE"},{"@type":"Organization","@id":"https:\/\/solidcomp.com\/#organization","name":"SolidComp Oy","url":"https:\/\/solidcomp.com\/","logo":{"@type":"ImageObject","inLanguage":"sv-SE","@id":"https:\/\/solidcomp.com\/#\/schema\/logo\/image\/","url":"https:\/\/solidcomp.com\/wp-content\/uploads\/2025\/05\/SolidComp-Black-Icon-10500x2600-1-scaled.png","contentUrl":"https:\/\/solidcomp.com\/wp-content\/uploads\/2025\/05\/SolidComp-Black-Icon-10500x2600-1-scaled.png","width":2560,"height":634,"caption":"SolidComp Oy"},"image":{"@id":"https:\/\/solidcomp.com\/#\/schema\/logo\/image\/"},"sameAs":["https:\/\/www.facebook.com\/solidcompoy\/","https:\/\/www.linkedin.com\/company\/solidcomp-oy","https:\/\/www.instagram.com\/solidcompoy\/","https:\/\/www.youtube.com\/@SolidCompOy"]}]}},"_links":{"self":[{"href":"https:\/\/solidcomp.com\/sv\/wp-json\/wp\/v2\/pages\/8823","targetHints":{"allow":["GET"]}}],"collection":[{"href":"https:\/\/solidcomp.com\/sv\/wp-json\/wp\/v2\/pages"}],"about":[{"href":"https:\/\/solidcomp.com\/sv\/wp-json\/wp\/v2\/types\/page"}],"author":[{"embeddable":true,"href":"https:\/\/solidcomp.com\/sv\/wp-json\/wp\/v2\/users\/1"}],"replies":[{"embeddable":true,"href":"https:\/\/solidcomp.com\/sv\/wp-json\/wp\/v2\/comments?post=8823"}],"version-history":[{"count":2,"href":"https:\/\/solidcomp.com\/sv\/wp-json\/wp\/v2\/pages\/8823\/revisions"}],"predecessor-version":[{"id":9393,"href":"https:\/\/solidcomp.com\/sv\/wp-json\/wp\/v2\/pages\/8823\/revisions\/9393"}],"up":[{"embeddable":true,"href":"https:\/\/solidcomp.com\/sv\/wp-json\/wp\/v2\/pages\/8767"}],"wp:attachment":[{"href":"https:\/\/solidcomp.com\/sv\/wp-json\/wp\/v2\/media?parent=8823"}],"curies":[{"name":"wp","href":"https:\/\/api.w.org\/{rel}","templated":true}]}}