{"id":9172,"date":"2026-04-13T11:01:03","date_gmt":"2026-04-13T08:01:03","guid":{"rendered":"https:\/\/solidcomp.com\/?page_id=9172"},"modified":"2026-04-14T10:33:33","modified_gmt":"2026-04-14T07:33:33","slug":"teknologiakumppanit","status":"publish","type":"page","link":"https:\/\/solidcomp.com\/fi\/yrityksesta\/solidcomp-yrityksena\/partnerships\/teknologiakumppanit\/","title":{"rendered":"Teknologiakumppanimme"},"content":{"rendered":"","protected":false},"excerpt":{"rendered":"","protected":false},"author":2,"featured_media":0,"parent":9152,"menu_order":0,"comment_status":"closed","ping_status":"closed","template":"page-templates\/sub-page.php","meta":{"_acf_changed":false,"footnotes":""},"class_list":["post-9172","page","type-page","status-publish","hentry"],"acf":[],"yoast_head":"<!-- This site is optimized with the Yoast SEO plugin v27.3 - https:\/\/yoast.com\/product\/yoast-seo-wordpress\/ -->\n<title>Teknologiakumppanimme | SolidComp<\/title>\n<meta name=\"description\" content=\"Yhteisty\u00f6n avulla yhdist\u00e4mme digitaalisen kaksosen uusiin, teollisuudelle t\u00e4rkeisiin j\u00e4rjestelmiin ja prosesseihin.\" \/>\n<meta name=\"robots\" content=\"index, follow, max-snippet:-1, max-image-preview:large, max-video-preview:-1\" \/>\n<link rel=\"canonical\" href=\"https:\/\/solidcomp.com\/fi\/yrityksesta\/solidcomp-yrityksena\/partnerships\/teknologiakumppanit\/\" \/>\n<meta property=\"og:locale\" content=\"fi_FI\" \/>\n<meta property=\"og:type\" content=\"article\" \/>\n<meta property=\"og:title\" content=\"Teknologiakumppanimme | SolidComp\" \/>\n<meta property=\"og:description\" content=\"Yhteisty\u00f6n avulla yhdist\u00e4mme digitaalisen kaksosen uusiin, teollisuudelle t\u00e4rkeisiin j\u00e4rjestelmiin ja prosesseihin.\" \/>\n<meta property=\"og:url\" content=\"https:\/\/solidcomp.com\/fi\/yrityksesta\/solidcomp-yrityksena\/partnerships\/teknologiakumppanit\/\" \/>\n<meta property=\"og:site_name\" content=\"SolidComp\" \/>\n<meta property=\"article:publisher\" content=\"https:\/\/www.facebook.com\/solidcompoy\/\" \/>\n<meta property=\"article:modified_time\" content=\"2026-04-14T07:33:33+00:00\" \/>\n<meta property=\"og:image\" content=\"https:\/\/solidcomp.com\/wp-content\/uploads\/2025\/06\/Somejako-nelio-tumma.jpg\" \/>\n\t<meta property=\"og:image:width\" content=\"400\" \/>\n\t<meta property=\"og:image:height\" content=\"400\" \/>\n\t<meta property=\"og:image:type\" content=\"image\/jpeg\" \/>\n<meta name=\"twitter:card\" content=\"summary_large_image\" \/>\n<script type=\"application\/ld+json\" class=\"yoast-schema-graph\">{\"@context\":\"https:\\\/\\\/schema.org\",\"@graph\":[{\"@type\":\"WebPage\",\"@id\":\"https:\\\/\\\/solidcomp.com\\\/fi\\\/yrityksesta\\\/solidcomp-yrityksena\\\/partnerships\\\/teknologiakumppanit\\\/\",\"url\":\"https:\\\/\\\/solidcomp.com\\\/fi\\\/yrityksesta\\\/solidcomp-yrityksena\\\/partnerships\\\/teknologiakumppanit\\\/\",\"name\":\"Teknologiakumppanimme | SolidComp\",\"isPartOf\":{\"@id\":\"https:\\\/\\\/solidcomp.com\\\/#website\"},\"datePublished\":\"2026-04-13T08:01:03+00:00\",\"dateModified\":\"2026-04-14T07:33:33+00:00\",\"description\":\"Yhteisty\u00f6n avulla yhdist\u00e4mme digitaalisen kaksosen uusiin, teollisuudelle t\u00e4rkeisiin j\u00e4rjestelmiin ja prosesseihin.\",\"breadcrumb\":{\"@id\":\"https:\\\/\\\/solidcomp.com\\\/fi\\\/yrityksesta\\\/solidcomp-yrityksena\\\/partnerships\\\/teknologiakumppanit\\\/#breadcrumb\"},\"inLanguage\":\"fi\",\"potentialAction\":[{\"@type\":\"ReadAction\",\"target\":[\"https:\\\/\\\/solidcomp.com\\\/fi\\\/yrityksesta\\\/solidcomp-yrityksena\\\/partnerships\\\/teknologiakumppanit\\\/\"]}]},{\"@type\":\"BreadcrumbList\",\"@id\":\"https:\\\/\\\/solidcomp.com\\\/fi\\\/yrityksesta\\\/solidcomp-yrityksena\\\/partnerships\\\/teknologiakumppanit\\\/#breadcrumb\",\"itemListElement\":[{\"@type\":\"ListItem\",\"position\":1,\"name\":\"Home\",\"item\":\"https:\\\/\\\/solidcomp.com\\\/fi\\\/\"},{\"@type\":\"ListItem\",\"position\":2,\"name\":\"Yrityksest\u00e4\",\"item\":\"https:\\\/\\\/solidcomp.com\\\/fi\\\/yrityksesta\\\/\"},{\"@type\":\"ListItem\",\"position\":3,\"name\":\"SolidComp yrityksen\u00e4\",\"item\":\"https:\\\/\\\/solidcomp.com\\\/fi\\\/yrityksesta\\\/solidcomp-yrityksena\\\/\"},{\"@type\":\"ListItem\",\"position\":4,\"name\":\"Kumppanuudet\",\"item\":\"https:\\\/\\\/solidcomp.com\\\/fi\\\/yrityksesta\\\/solidcomp-yrityksena\\\/partnerships\\\/\"},{\"@type\":\"ListItem\",\"position\":5,\"name\":\"Teknologiakumppanimme\"}]},{\"@type\":\"WebSite\",\"@id\":\"https:\\\/\\\/solidcomp.com\\\/#website\",\"url\":\"https:\\\/\\\/solidcomp.com\\\/\",\"name\":\"Solidcomp.com\",\"description\":\"\",\"publisher\":{\"@id\":\"https:\\\/\\\/solidcomp.com\\\/#organization\"},\"potentialAction\":[{\"@type\":\"SearchAction\",\"target\":{\"@type\":\"EntryPoint\",\"urlTemplate\":\"https:\\\/\\\/solidcomp.com\\\/?s={search_term_string}\"},\"query-input\":{\"@type\":\"PropertyValueSpecification\",\"valueRequired\":true,\"valueName\":\"search_term_string\"}}],\"inLanguage\":\"fi\"},{\"@type\":\"Organization\",\"@id\":\"https:\\\/\\\/solidcomp.com\\\/#organization\",\"name\":\"SolidComp Oy\",\"url\":\"https:\\\/\\\/solidcomp.com\\\/\",\"logo\":{\"@type\":\"ImageObject\",\"inLanguage\":\"fi\",\"@id\":\"https:\\\/\\\/solidcomp.com\\\/#\\\/schema\\\/logo\\\/image\\\/\",\"url\":\"https:\\\/\\\/solidcomp.com\\\/wp-content\\\/uploads\\\/2025\\\/05\\\/SolidComp-Black-Icon-10500x2600-1-scaled.png\",\"contentUrl\":\"https:\\\/\\\/solidcomp.com\\\/wp-content\\\/uploads\\\/2025\\\/05\\\/SolidComp-Black-Icon-10500x2600-1-scaled.png\",\"width\":2560,\"height\":634,\"caption\":\"SolidComp Oy\"},\"image\":{\"@id\":\"https:\\\/\\\/solidcomp.com\\\/#\\\/schema\\\/logo\\\/image\\\/\"},\"sameAs\":[\"https:\\\/\\\/www.facebook.com\\\/solidcompoy\\\/\",\"https:\\\/\\\/www.linkedin.com\\\/company\\\/solidcomp-oy\",\"https:\\\/\\\/www.instagram.com\\\/solidcompoy\\\/\",\"https:\\\/\\\/www.youtube.com\\\/@SolidCompOy\"]}]}<\/script>\n<!-- \/ Yoast SEO plugin. -->","yoast_head_json":{"title":"Teknologiakumppanimme | SolidComp","description":"Yhteisty\u00f6n avulla yhdist\u00e4mme digitaalisen kaksosen uusiin, teollisuudelle t\u00e4rkeisiin j\u00e4rjestelmiin ja prosesseihin.","robots":{"index":"index","follow":"follow","max-snippet":"max-snippet:-1","max-image-preview":"max-image-preview:large","max-video-preview":"max-video-preview:-1"},"canonical":"https:\/\/solidcomp.com\/fi\/yrityksesta\/solidcomp-yrityksena\/partnerships\/teknologiakumppanit\/","og_locale":"fi_FI","og_type":"article","og_title":"Teknologiakumppanimme | SolidComp","og_description":"Yhteisty\u00f6n avulla yhdist\u00e4mme digitaalisen kaksosen uusiin, teollisuudelle t\u00e4rkeisiin j\u00e4rjestelmiin ja prosesseihin.","og_url":"https:\/\/solidcomp.com\/fi\/yrityksesta\/solidcomp-yrityksena\/partnerships\/teknologiakumppanit\/","og_site_name":"SolidComp","article_publisher":"https:\/\/www.facebook.com\/solidcompoy\/","article_modified_time":"2026-04-14T07:33:33+00:00","og_image":[{"width":400,"height":400,"url":"https:\/\/solidcomp.com\/wp-content\/uploads\/2025\/06\/Somejako-nelio-tumma.jpg","type":"image\/jpeg"}],"twitter_card":"summary_large_image","schema":{"@context":"https:\/\/schema.org","@graph":[{"@type":"WebPage","@id":"https:\/\/solidcomp.com\/fi\/yrityksesta\/solidcomp-yrityksena\/partnerships\/teknologiakumppanit\/","url":"https:\/\/solidcomp.com\/fi\/yrityksesta\/solidcomp-yrityksena\/partnerships\/teknologiakumppanit\/","name":"Teknologiakumppanimme | SolidComp","isPartOf":{"@id":"https:\/\/solidcomp.com\/#website"},"datePublished":"2026-04-13T08:01:03+00:00","dateModified":"2026-04-14T07:33:33+00:00","description":"Yhteisty\u00f6n avulla yhdist\u00e4mme digitaalisen kaksosen uusiin, teollisuudelle t\u00e4rkeisiin j\u00e4rjestelmiin ja prosesseihin.","breadcrumb":{"@id":"https:\/\/solidcomp.com\/fi\/yrityksesta\/solidcomp-yrityksena\/partnerships\/teknologiakumppanit\/#breadcrumb"},"inLanguage":"fi","potentialAction":[{"@type":"ReadAction","target":["https:\/\/solidcomp.com\/fi\/yrityksesta\/solidcomp-yrityksena\/partnerships\/teknologiakumppanit\/"]}]},{"@type":"BreadcrumbList","@id":"https:\/\/solidcomp.com\/fi\/yrityksesta\/solidcomp-yrityksena\/partnerships\/teknologiakumppanit\/#breadcrumb","itemListElement":[{"@type":"ListItem","position":1,"name":"Home","item":"https:\/\/solidcomp.com\/fi\/"},{"@type":"ListItem","position":2,"name":"Yrityksest\u00e4","item":"https:\/\/solidcomp.com\/fi\/yrityksesta\/"},{"@type":"ListItem","position":3,"name":"SolidComp yrityksen\u00e4","item":"https:\/\/solidcomp.com\/fi\/yrityksesta\/solidcomp-yrityksena\/"},{"@type":"ListItem","position":4,"name":"Kumppanuudet","item":"https:\/\/solidcomp.com\/fi\/yrityksesta\/solidcomp-yrityksena\/partnerships\/"},{"@type":"ListItem","position":5,"name":"Teknologiakumppanimme"}]},{"@type":"WebSite","@id":"https:\/\/solidcomp.com\/#website","url":"https:\/\/solidcomp.com\/","name":"Solidcomp.com","description":"","publisher":{"@id":"https:\/\/solidcomp.com\/#organization"},"potentialAction":[{"@type":"SearchAction","target":{"@type":"EntryPoint","urlTemplate":"https:\/\/solidcomp.com\/?s={search_term_string}"},"query-input":{"@type":"PropertyValueSpecification","valueRequired":true,"valueName":"search_term_string"}}],"inLanguage":"fi"},{"@type":"Organization","@id":"https:\/\/solidcomp.com\/#organization","name":"SolidComp Oy","url":"https:\/\/solidcomp.com\/","logo":{"@type":"ImageObject","inLanguage":"fi","@id":"https:\/\/solidcomp.com\/#\/schema\/logo\/image\/","url":"https:\/\/solidcomp.com\/wp-content\/uploads\/2025\/05\/SolidComp-Black-Icon-10500x2600-1-scaled.png","contentUrl":"https:\/\/solidcomp.com\/wp-content\/uploads\/2025\/05\/SolidComp-Black-Icon-10500x2600-1-scaled.png","width":2560,"height":634,"caption":"SolidComp Oy"},"image":{"@id":"https:\/\/solidcomp.com\/#\/schema\/logo\/image\/"},"sameAs":["https:\/\/www.facebook.com\/solidcompoy\/","https:\/\/www.linkedin.com\/company\/solidcomp-oy","https:\/\/www.instagram.com\/solidcompoy\/","https:\/\/www.youtube.com\/@SolidCompOy"]}]}},"_links":{"self":[{"href":"https:\/\/solidcomp.com\/fi\/wp-json\/wp\/v2\/pages\/9172","targetHints":{"allow":["GET"]}}],"collection":[{"href":"https:\/\/solidcomp.com\/fi\/wp-json\/wp\/v2\/pages"}],"about":[{"href":"https:\/\/solidcomp.com\/fi\/wp-json\/wp\/v2\/types\/page"}],"author":[{"embeddable":true,"href":"https:\/\/solidcomp.com\/fi\/wp-json\/wp\/v2\/users\/2"}],"replies":[{"embeddable":true,"href":"https:\/\/solidcomp.com\/fi\/wp-json\/wp\/v2\/comments?post=9172"}],"version-history":[{"count":3,"href":"https:\/\/solidcomp.com\/fi\/wp-json\/wp\/v2\/pages\/9172\/revisions"}],"predecessor-version":[{"id":9215,"href":"https:\/\/solidcomp.com\/fi\/wp-json\/wp\/v2\/pages\/9172\/revisions\/9215"}],"up":[{"embeddable":true,"href":"https:\/\/solidcomp.com\/fi\/wp-json\/wp\/v2\/pages\/9152"}],"wp:attachment":[{"href":"https:\/\/solidcomp.com\/fi\/wp-json\/wp\/v2\/media?parent=9172"}],"curies":[{"name":"wp","href":"https:\/\/api.w.org\/{rel}","templated":true}]}}