{"id":5086,"date":"2025-05-13T13:30:32","date_gmt":"2025-05-13T10:30:32","guid":{"rendered":"https:\/\/solidcomp.com\/tuotteet-ja-palvelut\/solidcomp-reality-twin\/data-security-and-trusted-infrastructure\/"},"modified":"2026-03-16T09:30:03","modified_gmt":"2026-03-16T07:30:03","slug":"tietoturva-ja-infrastruktuuri","status":"publish","type":"page","link":"https:\/\/solidcomp.com\/fi\/tuotteet-ja-palvelut\/solidcomp-reality-twin\/tietoturva-ja-infrastruktuuri\/","title":{"rendered":"Tietoturva ja infrastruktuuri"},"content":{"rendered":"","protected":false},"excerpt":{"rendered":"","protected":false},"author":1,"featured_media":0,"parent":5084,"menu_order":0,"comment_status":"closed","ping_status":"closed","template":"page-templates\/sub-page.php","meta":{"_acf_changed":false,"footnotes":""},"class_list":["post-5086","page","type-page","status-publish","hentry"],"acf":[],"yoast_head":"<!-- This site is optimized with the Yoast SEO plugin v27.3 - https:\/\/yoast.com\/product\/yoast-seo-wordpress\/ -->\n<title>Tietoturva ja infrastruktuuri | Teollisuudne digitaalinen kaksonen | SolidComp<\/title>\n<meta name=\"description\" content=\"Tietoturva on keskeinen osa digitaalista kaksosta ja palveluidemme toimitusta. R\u00e4\u00e4t\u00e4l\u00f6imme palveluarkkitehtuurin t\u00e4ytt\u00e4m\u00e4\u00e4n yksil\u00f6lliset vaatimuksenne.\" \/>\n<meta name=\"robots\" content=\"index, follow, max-snippet:-1, max-image-preview:large, max-video-preview:-1\" \/>\n<link rel=\"canonical\" href=\"https:\/\/solidcomp.com\/fi\/tuotteet-ja-palvelut\/solidcomp-reality-twin\/tietoturva-ja-infrastruktuuri\/\" \/>\n<meta property=\"og:locale\" content=\"fi_FI\" \/>\n<meta property=\"og:type\" content=\"article\" \/>\n<meta property=\"og:title\" content=\"Tietoturva ja infrastruktuuri | Teollisuudne digitaalinen kaksonen | SolidComp\" \/>\n<meta property=\"og:description\" content=\"Tietoturva on keskeinen osa digitaalista kaksosta ja palveluidemme toimitusta. R\u00e4\u00e4t\u00e4l\u00f6imme palveluarkkitehtuurin t\u00e4ytt\u00e4m\u00e4\u00e4n yksil\u00f6lliset vaatimuksenne.\" \/>\n<meta property=\"og:url\" content=\"https:\/\/solidcomp.com\/fi\/tuotteet-ja-palvelut\/solidcomp-reality-twin\/tietoturva-ja-infrastruktuuri\/\" \/>\n<meta property=\"og:site_name\" content=\"SolidComp\" \/>\n<meta property=\"article:publisher\" content=\"https:\/\/www.facebook.com\/solidcompoy\/\" \/>\n<meta property=\"article:modified_time\" content=\"2026-03-16T07:30:03+00:00\" \/>\n<meta name=\"twitter:card\" content=\"summary_large_image\" \/>\n<script type=\"application\/ld+json\" class=\"yoast-schema-graph\">{\"@context\":\"https:\\\/\\\/schema.org\",\"@graph\":[{\"@type\":\"WebPage\",\"@id\":\"https:\\\/\\\/solidcomp.com\\\/fi\\\/tuotteet-ja-palvelut\\\/solidcomp-reality-twin\\\/tietoturva-ja-infrastruktuuri\\\/\",\"url\":\"https:\\\/\\\/solidcomp.com\\\/fi\\\/tuotteet-ja-palvelut\\\/solidcomp-reality-twin\\\/tietoturva-ja-infrastruktuuri\\\/\",\"name\":\"Tietoturva ja infrastruktuuri | Teollisuudne digitaalinen kaksonen | SolidComp\",\"isPartOf\":{\"@id\":\"https:\\\/\\\/solidcomp.com\\\/#website\"},\"datePublished\":\"2025-05-13T10:30:32+00:00\",\"dateModified\":\"2026-03-16T07:30:03+00:00\",\"description\":\"Tietoturva on keskeinen osa digitaalista kaksosta ja palveluidemme toimitusta. R\u00e4\u00e4t\u00e4l\u00f6imme palveluarkkitehtuurin t\u00e4ytt\u00e4m\u00e4\u00e4n yksil\u00f6lliset vaatimuksenne.\",\"breadcrumb\":{\"@id\":\"https:\\\/\\\/solidcomp.com\\\/fi\\\/tuotteet-ja-palvelut\\\/solidcomp-reality-twin\\\/tietoturva-ja-infrastruktuuri\\\/#breadcrumb\"},\"inLanguage\":\"fi\",\"potentialAction\":[{\"@type\":\"ReadAction\",\"target\":[\"https:\\\/\\\/solidcomp.com\\\/fi\\\/tuotteet-ja-palvelut\\\/solidcomp-reality-twin\\\/tietoturva-ja-infrastruktuuri\\\/\"]}]},{\"@type\":\"BreadcrumbList\",\"@id\":\"https:\\\/\\\/solidcomp.com\\\/fi\\\/tuotteet-ja-palvelut\\\/solidcomp-reality-twin\\\/tietoturva-ja-infrastruktuuri\\\/#breadcrumb\",\"itemListElement\":[{\"@type\":\"ListItem\",\"position\":1,\"name\":\"Home\",\"item\":\"https:\\\/\\\/solidcomp.com\\\/fi\\\/\"},{\"@type\":\"ListItem\",\"position\":2,\"name\":\"Tuotteet ja palvelut\",\"item\":\"https:\\\/\\\/solidcomp.com\\\/fi\\\/tuotteet-ja-palvelut\\\/\"},{\"@type\":\"ListItem\",\"position\":3,\"name\":\"Reality Twin\",\"item\":\"https:\\\/\\\/solidcomp.com\\\/fi\\\/tuotteet-ja-palvelut\\\/solidcomp-reality-twin\\\/\"},{\"@type\":\"ListItem\",\"position\":4,\"name\":\"Tietoturva ja infrastruktuuri\"}]},{\"@type\":\"WebSite\",\"@id\":\"https:\\\/\\\/solidcomp.com\\\/#website\",\"url\":\"https:\\\/\\\/solidcomp.com\\\/\",\"name\":\"Solidcomp.com\",\"description\":\"\",\"publisher\":{\"@id\":\"https:\\\/\\\/solidcomp.com\\\/#organization\"},\"potentialAction\":[{\"@type\":\"SearchAction\",\"target\":{\"@type\":\"EntryPoint\",\"urlTemplate\":\"https:\\\/\\\/solidcomp.com\\\/?s={search_term_string}\"},\"query-input\":{\"@type\":\"PropertyValueSpecification\",\"valueRequired\":true,\"valueName\":\"search_term_string\"}}],\"inLanguage\":\"fi\"},{\"@type\":\"Organization\",\"@id\":\"https:\\\/\\\/solidcomp.com\\\/#organization\",\"name\":\"SolidComp Oy\",\"url\":\"https:\\\/\\\/solidcomp.com\\\/\",\"logo\":{\"@type\":\"ImageObject\",\"inLanguage\":\"fi\",\"@id\":\"https:\\\/\\\/solidcomp.com\\\/#\\\/schema\\\/logo\\\/image\\\/\",\"url\":\"https:\\\/\\\/solidcomp.com\\\/wp-content\\\/uploads\\\/2025\\\/05\\\/SolidComp-Black-Icon-10500x2600-1-scaled.png\",\"contentUrl\":\"https:\\\/\\\/solidcomp.com\\\/wp-content\\\/uploads\\\/2025\\\/05\\\/SolidComp-Black-Icon-10500x2600-1-scaled.png\",\"width\":2560,\"height\":634,\"caption\":\"SolidComp Oy\"},\"image\":{\"@id\":\"https:\\\/\\\/solidcomp.com\\\/#\\\/schema\\\/logo\\\/image\\\/\"},\"sameAs\":[\"https:\\\/\\\/www.facebook.com\\\/solidcompoy\\\/\",\"https:\\\/\\\/www.linkedin.com\\\/company\\\/solidcomp-oy\",\"https:\\\/\\\/www.instagram.com\\\/solidcompoy\\\/\",\"https:\\\/\\\/www.youtube.com\\\/@SolidCompOy\"]}]}<\/script>\n<!-- \/ Yoast SEO plugin. -->","yoast_head_json":{"title":"Tietoturva ja infrastruktuuri | Teollisuudne digitaalinen kaksonen | SolidComp","description":"Tietoturva on keskeinen osa digitaalista kaksosta ja palveluidemme toimitusta. R\u00e4\u00e4t\u00e4l\u00f6imme palveluarkkitehtuurin t\u00e4ytt\u00e4m\u00e4\u00e4n yksil\u00f6lliset vaatimuksenne.","robots":{"index":"index","follow":"follow","max-snippet":"max-snippet:-1","max-image-preview":"max-image-preview:large","max-video-preview":"max-video-preview:-1"},"canonical":"https:\/\/solidcomp.com\/fi\/tuotteet-ja-palvelut\/solidcomp-reality-twin\/tietoturva-ja-infrastruktuuri\/","og_locale":"fi_FI","og_type":"article","og_title":"Tietoturva ja infrastruktuuri | Teollisuudne digitaalinen kaksonen | SolidComp","og_description":"Tietoturva on keskeinen osa digitaalista kaksosta ja palveluidemme toimitusta. R\u00e4\u00e4t\u00e4l\u00f6imme palveluarkkitehtuurin t\u00e4ytt\u00e4m\u00e4\u00e4n yksil\u00f6lliset vaatimuksenne.","og_url":"https:\/\/solidcomp.com\/fi\/tuotteet-ja-palvelut\/solidcomp-reality-twin\/tietoturva-ja-infrastruktuuri\/","og_site_name":"SolidComp","article_publisher":"https:\/\/www.facebook.com\/solidcompoy\/","article_modified_time":"2026-03-16T07:30:03+00:00","twitter_card":"summary_large_image","schema":{"@context":"https:\/\/schema.org","@graph":[{"@type":"WebPage","@id":"https:\/\/solidcomp.com\/fi\/tuotteet-ja-palvelut\/solidcomp-reality-twin\/tietoturva-ja-infrastruktuuri\/","url":"https:\/\/solidcomp.com\/fi\/tuotteet-ja-palvelut\/solidcomp-reality-twin\/tietoturva-ja-infrastruktuuri\/","name":"Tietoturva ja infrastruktuuri | Teollisuudne digitaalinen kaksonen | SolidComp","isPartOf":{"@id":"https:\/\/solidcomp.com\/#website"},"datePublished":"2025-05-13T10:30:32+00:00","dateModified":"2026-03-16T07:30:03+00:00","description":"Tietoturva on keskeinen osa digitaalista kaksosta ja palveluidemme toimitusta. R\u00e4\u00e4t\u00e4l\u00f6imme palveluarkkitehtuurin t\u00e4ytt\u00e4m\u00e4\u00e4n yksil\u00f6lliset vaatimuksenne.","breadcrumb":{"@id":"https:\/\/solidcomp.com\/fi\/tuotteet-ja-palvelut\/solidcomp-reality-twin\/tietoturva-ja-infrastruktuuri\/#breadcrumb"},"inLanguage":"fi","potentialAction":[{"@type":"ReadAction","target":["https:\/\/solidcomp.com\/fi\/tuotteet-ja-palvelut\/solidcomp-reality-twin\/tietoturva-ja-infrastruktuuri\/"]}]},{"@type":"BreadcrumbList","@id":"https:\/\/solidcomp.com\/fi\/tuotteet-ja-palvelut\/solidcomp-reality-twin\/tietoturva-ja-infrastruktuuri\/#breadcrumb","itemListElement":[{"@type":"ListItem","position":1,"name":"Home","item":"https:\/\/solidcomp.com\/fi\/"},{"@type":"ListItem","position":2,"name":"Tuotteet ja palvelut","item":"https:\/\/solidcomp.com\/fi\/tuotteet-ja-palvelut\/"},{"@type":"ListItem","position":3,"name":"Reality Twin","item":"https:\/\/solidcomp.com\/fi\/tuotteet-ja-palvelut\/solidcomp-reality-twin\/"},{"@type":"ListItem","position":4,"name":"Tietoturva ja infrastruktuuri"}]},{"@type":"WebSite","@id":"https:\/\/solidcomp.com\/#website","url":"https:\/\/solidcomp.com\/","name":"Solidcomp.com","description":"","publisher":{"@id":"https:\/\/solidcomp.com\/#organization"},"potentialAction":[{"@type":"SearchAction","target":{"@type":"EntryPoint","urlTemplate":"https:\/\/solidcomp.com\/?s={search_term_string}"},"query-input":{"@type":"PropertyValueSpecification","valueRequired":true,"valueName":"search_term_string"}}],"inLanguage":"fi"},{"@type":"Organization","@id":"https:\/\/solidcomp.com\/#organization","name":"SolidComp Oy","url":"https:\/\/solidcomp.com\/","logo":{"@type":"ImageObject","inLanguage":"fi","@id":"https:\/\/solidcomp.com\/#\/schema\/logo\/image\/","url":"https:\/\/solidcomp.com\/wp-content\/uploads\/2025\/05\/SolidComp-Black-Icon-10500x2600-1-scaled.png","contentUrl":"https:\/\/solidcomp.com\/wp-content\/uploads\/2025\/05\/SolidComp-Black-Icon-10500x2600-1-scaled.png","width":2560,"height":634,"caption":"SolidComp Oy"},"image":{"@id":"https:\/\/solidcomp.com\/#\/schema\/logo\/image\/"},"sameAs":["https:\/\/www.facebook.com\/solidcompoy\/","https:\/\/www.linkedin.com\/company\/solidcomp-oy","https:\/\/www.instagram.com\/solidcompoy\/","https:\/\/www.youtube.com\/@SolidCompOy"]}]}},"_links":{"self":[{"href":"https:\/\/solidcomp.com\/fi\/wp-json\/wp\/v2\/pages\/5086","targetHints":{"allow":["GET"]}}],"collection":[{"href":"https:\/\/solidcomp.com\/fi\/wp-json\/wp\/v2\/pages"}],"about":[{"href":"https:\/\/solidcomp.com\/fi\/wp-json\/wp\/v2\/types\/page"}],"author":[{"embeddable":true,"href":"https:\/\/solidcomp.com\/fi\/wp-json\/wp\/v2\/users\/1"}],"replies":[{"embeddable":true,"href":"https:\/\/solidcomp.com\/fi\/wp-json\/wp\/v2\/comments?post=5086"}],"version-history":[{"count":3,"href":"https:\/\/solidcomp.com\/fi\/wp-json\/wp\/v2\/pages\/5086\/revisions"}],"predecessor-version":[{"id":6436,"href":"https:\/\/solidcomp.com\/fi\/wp-json\/wp\/v2\/pages\/5086\/revisions\/6436"}],"up":[{"embeddable":true,"href":"https:\/\/solidcomp.com\/fi\/wp-json\/wp\/v2\/pages\/5084"}],"wp:attachment":[{"href":"https:\/\/solidcomp.com\/fi\/wp-json\/wp\/v2\/media?parent=5086"}],"curies":[{"name":"wp","href":"https:\/\/api.w.org\/{rel}","templated":true}]}}