{"id":5029,"date":"2024-12-13T08:34:25","date_gmt":"2024-12-13T06:34:25","guid":{"rendered":"https:\/\/solidcomp.com\/etusivu\/"},"modified":"2026-03-30T13:37:29","modified_gmt":"2026-03-30T10:37:29","slug":"etusivu","status":"publish","type":"page","link":"https:\/\/solidcomp.com\/fi\/","title":{"rendered":"SolidComp"},"content":{"rendered":"","protected":false},"excerpt":{"rendered":"","protected":false},"author":1,"featured_media":0,"parent":0,"menu_order":0,"comment_status":"closed","ping_status":"closed","template":"page-templates\/front-page.php","meta":{"_acf_changed":false,"footnotes":""},"class_list":["post-5029","page","type-page","status-publish","hentry"],"acf":[],"yoast_head":"<!-- This site is optimized with the Yoast SEO plugin v27.3 - https:\/\/yoast.com\/product\/yoast-seo-wordpress\/ -->\n<title>Hallitse ja kehit\u00e4 teollisuusymp\u00e4rist\u00f6j\u00e4si digitaalisesti | SolidComp<\/title>\n<meta name=\"description\" content=\"Hallitse, dokumentoi ja kehit\u00e4 teollisuusymp\u00e4rist\u00f6j\u00e4 digitaalisella kaksosella. Paranna suunnittelua, kunnossapitoa ja seisakkien valmistelua.\" \/>\n<meta name=\"robots\" content=\"index, follow, max-snippet:-1, max-image-preview:large, max-video-preview:-1\" \/>\n<link rel=\"canonical\" href=\"https:\/\/solidcomp.com\/fi\/\" \/>\n<meta property=\"og:locale\" content=\"fi_FI\" \/>\n<meta property=\"og:type\" content=\"article\" \/>\n<meta property=\"og:title\" content=\"Hallitse ja kehit\u00e4 teollisuusymp\u00e4rist\u00f6j\u00e4si digitaalisesti | SolidComp\" \/>\n<meta property=\"og:description\" content=\"N\u00e4e, hallitse, dokumentoi ja kehit\u00e4 teollisia ymp\u00e4rist\u00f6j\u00e4si. Tarjoamme 3D laserkeilaus- ja digital twin 3D virtuaaliymp\u00e4rist\u00f6ratkaisut.\" \/>\n<meta property=\"og:url\" content=\"https:\/\/solidcomp.com\/fi\/\" \/>\n<meta property=\"og:site_name\" content=\"SolidComp\" \/>\n<meta property=\"article:publisher\" content=\"https:\/\/www.facebook.com\/solidcompoy\/\" \/>\n<meta property=\"article:modified_time\" content=\"2026-03-30T10:37:29+00:00\" \/>\n<meta property=\"og:image\" content=\"https:\/\/solidcomp.com\/wp-content\/uploads\/2025\/06\/Somejako-nelio-tumma.jpg\" \/>\n\t<meta property=\"og:image:width\" content=\"400\" \/>\n\t<meta property=\"og:image:height\" content=\"400\" \/>\n\t<meta property=\"og:image:type\" content=\"image\/jpeg\" \/>\n<meta name=\"twitter:card\" content=\"summary_large_image\" \/>\n<script type=\"application\/ld+json\" class=\"yoast-schema-graph\">{\"@context\":\"https:\\\/\\\/schema.org\",\"@graph\":[{\"@type\":\"WebPage\",\"@id\":\"https:\\\/\\\/solidcomp.com\\\/fi\\\/\",\"url\":\"https:\\\/\\\/solidcomp.com\\\/fi\\\/\",\"name\":\"Hallitse ja kehit\u00e4 teollisuusymp\u00e4rist\u00f6j\u00e4si digitaalisesti | SolidComp\",\"isPartOf\":{\"@id\":\"https:\\\/\\\/solidcomp.com\\\/#website\"},\"datePublished\":\"2024-12-13T06:34:25+00:00\",\"dateModified\":\"2026-03-30T10:37:29+00:00\",\"description\":\"Hallitse, dokumentoi ja kehit\u00e4 teollisuusymp\u00e4rist\u00f6j\u00e4 digitaalisella kaksosella. Paranna suunnittelua, kunnossapitoa ja seisakkien valmistelua.\",\"breadcrumb\":{\"@id\":\"https:\\\/\\\/solidcomp.com\\\/fi\\\/#breadcrumb\"},\"inLanguage\":\"fi\",\"potentialAction\":[{\"@type\":\"ReadAction\",\"target\":[\"https:\\\/\\\/solidcomp.com\\\/fi\\\/\"]}]},{\"@type\":\"BreadcrumbList\",\"@id\":\"https:\\\/\\\/solidcomp.com\\\/fi\\\/#breadcrumb\",\"itemListElement\":[{\"@type\":\"ListItem\",\"position\":1,\"name\":\"Home\",\"item\":\"https:\\\/\\\/solidcomp.com\\\/fi\\\/\"},{\"@type\":\"ListItem\",\"position\":2,\"name\":\"SolidComp\"}]},{\"@type\":\"WebSite\",\"@id\":\"https:\\\/\\\/solidcomp.com\\\/#website\",\"url\":\"https:\\\/\\\/solidcomp.com\\\/\",\"name\":\"Solidcomp.com\",\"description\":\"\",\"publisher\":{\"@id\":\"https:\\\/\\\/solidcomp.com\\\/#organization\"},\"potentialAction\":[{\"@type\":\"SearchAction\",\"target\":{\"@type\":\"EntryPoint\",\"urlTemplate\":\"https:\\\/\\\/solidcomp.com\\\/?s={search_term_string}\"},\"query-input\":{\"@type\":\"PropertyValueSpecification\",\"valueRequired\":true,\"valueName\":\"search_term_string\"}}],\"inLanguage\":\"fi\"},{\"@type\":\"Organization\",\"@id\":\"https:\\\/\\\/solidcomp.com\\\/#organization\",\"name\":\"SolidComp Oy\",\"url\":\"https:\\\/\\\/solidcomp.com\\\/\",\"logo\":{\"@type\":\"ImageObject\",\"inLanguage\":\"fi\",\"@id\":\"https:\\\/\\\/solidcomp.com\\\/#\\\/schema\\\/logo\\\/image\\\/\",\"url\":\"https:\\\/\\\/solidcomp.com\\\/wp-content\\\/uploads\\\/2025\\\/05\\\/SolidComp-Black-Icon-10500x2600-1-scaled.png\",\"contentUrl\":\"https:\\\/\\\/solidcomp.com\\\/wp-content\\\/uploads\\\/2025\\\/05\\\/SolidComp-Black-Icon-10500x2600-1-scaled.png\",\"width\":2560,\"height\":634,\"caption\":\"SolidComp Oy\"},\"image\":{\"@id\":\"https:\\\/\\\/solidcomp.com\\\/#\\\/schema\\\/logo\\\/image\\\/\"},\"sameAs\":[\"https:\\\/\\\/www.facebook.com\\\/solidcompoy\\\/\",\"https:\\\/\\\/www.linkedin.com\\\/company\\\/solidcomp-oy\",\"https:\\\/\\\/www.instagram.com\\\/solidcompoy\\\/\",\"https:\\\/\\\/www.youtube.com\\\/@SolidCompOy\"]}]}<\/script>\n<!-- \/ Yoast SEO plugin. -->","yoast_head_json":{"title":"Hallitse ja kehit\u00e4 teollisuusymp\u00e4rist\u00f6j\u00e4si digitaalisesti | SolidComp","description":"Hallitse, dokumentoi ja kehit\u00e4 teollisuusymp\u00e4rist\u00f6j\u00e4 digitaalisella kaksosella. Paranna suunnittelua, kunnossapitoa ja seisakkien valmistelua.","robots":{"index":"index","follow":"follow","max-snippet":"max-snippet:-1","max-image-preview":"max-image-preview:large","max-video-preview":"max-video-preview:-1"},"canonical":"https:\/\/solidcomp.com\/fi\/","og_locale":"fi_FI","og_type":"article","og_title":"Hallitse ja kehit\u00e4 teollisuusymp\u00e4rist\u00f6j\u00e4si digitaalisesti | SolidComp","og_description":"N\u00e4e, hallitse, dokumentoi ja kehit\u00e4 teollisia ymp\u00e4rist\u00f6j\u00e4si. Tarjoamme 3D laserkeilaus- ja digital twin 3D virtuaaliymp\u00e4rist\u00f6ratkaisut.","og_url":"https:\/\/solidcomp.com\/fi\/","og_site_name":"SolidComp","article_publisher":"https:\/\/www.facebook.com\/solidcompoy\/","article_modified_time":"2026-03-30T10:37:29+00:00","og_image":[{"width":400,"height":400,"url":"https:\/\/solidcomp.com\/wp-content\/uploads\/2025\/06\/Somejako-nelio-tumma.jpg","type":"image\/jpeg"}],"twitter_card":"summary_large_image","schema":{"@context":"https:\/\/schema.org","@graph":[{"@type":"WebPage","@id":"https:\/\/solidcomp.com\/fi\/","url":"https:\/\/solidcomp.com\/fi\/","name":"Hallitse ja kehit\u00e4 teollisuusymp\u00e4rist\u00f6j\u00e4si digitaalisesti | SolidComp","isPartOf":{"@id":"https:\/\/solidcomp.com\/#website"},"datePublished":"2024-12-13T06:34:25+00:00","dateModified":"2026-03-30T10:37:29+00:00","description":"Hallitse, dokumentoi ja kehit\u00e4 teollisuusymp\u00e4rist\u00f6j\u00e4 digitaalisella kaksosella. Paranna suunnittelua, kunnossapitoa ja seisakkien valmistelua.","breadcrumb":{"@id":"https:\/\/solidcomp.com\/fi\/#breadcrumb"},"inLanguage":"fi","potentialAction":[{"@type":"ReadAction","target":["https:\/\/solidcomp.com\/fi\/"]}]},{"@type":"BreadcrumbList","@id":"https:\/\/solidcomp.com\/fi\/#breadcrumb","itemListElement":[{"@type":"ListItem","position":1,"name":"Home","item":"https:\/\/solidcomp.com\/fi\/"},{"@type":"ListItem","position":2,"name":"SolidComp"}]},{"@type":"WebSite","@id":"https:\/\/solidcomp.com\/#website","url":"https:\/\/solidcomp.com\/","name":"Solidcomp.com","description":"","publisher":{"@id":"https:\/\/solidcomp.com\/#organization"},"potentialAction":[{"@type":"SearchAction","target":{"@type":"EntryPoint","urlTemplate":"https:\/\/solidcomp.com\/?s={search_term_string}"},"query-input":{"@type":"PropertyValueSpecification","valueRequired":true,"valueName":"search_term_string"}}],"inLanguage":"fi"},{"@type":"Organization","@id":"https:\/\/solidcomp.com\/#organization","name":"SolidComp Oy","url":"https:\/\/solidcomp.com\/","logo":{"@type":"ImageObject","inLanguage":"fi","@id":"https:\/\/solidcomp.com\/#\/schema\/logo\/image\/","url":"https:\/\/solidcomp.com\/wp-content\/uploads\/2025\/05\/SolidComp-Black-Icon-10500x2600-1-scaled.png","contentUrl":"https:\/\/solidcomp.com\/wp-content\/uploads\/2025\/05\/SolidComp-Black-Icon-10500x2600-1-scaled.png","width":2560,"height":634,"caption":"SolidComp Oy"},"image":{"@id":"https:\/\/solidcomp.com\/#\/schema\/logo\/image\/"},"sameAs":["https:\/\/www.facebook.com\/solidcompoy\/","https:\/\/www.linkedin.com\/company\/solidcomp-oy","https:\/\/www.instagram.com\/solidcompoy\/","https:\/\/www.youtube.com\/@SolidCompOy"]}]}},"_links":{"self":[{"href":"https:\/\/solidcomp.com\/fi\/wp-json\/wp\/v2\/pages\/5029","targetHints":{"allow":["GET"]}}],"collection":[{"href":"https:\/\/solidcomp.com\/fi\/wp-json\/wp\/v2\/pages"}],"about":[{"href":"https:\/\/solidcomp.com\/fi\/wp-json\/wp\/v2\/types\/page"}],"author":[{"embeddable":true,"href":"https:\/\/solidcomp.com\/fi\/wp-json\/wp\/v2\/users\/1"}],"replies":[{"embeddable":true,"href":"https:\/\/solidcomp.com\/fi\/wp-json\/wp\/v2\/comments?post=5029"}],"version-history":[{"count":2,"href":"https:\/\/solidcomp.com\/fi\/wp-json\/wp\/v2\/pages\/5029\/revisions"}],"predecessor-version":[{"id":9075,"href":"https:\/\/solidcomp.com\/fi\/wp-json\/wp\/v2\/pages\/5029\/revisions\/9075"}],"wp:attachment":[{"href":"https:\/\/solidcomp.com\/fi\/wp-json\/wp\/v2\/media?parent=5029"}],"curies":[{"name":"wp","href":"https:\/\/api.w.org\/{rel}","templated":true}]}}